{"id":734,"date":"2021-10-20T08:11:15","date_gmt":"2021-10-20T06:11:15","guid":{"rendered":"http:\/\/pc2.fpecaixa.info\/el-fons\/inversions\/"},"modified":"2024-01-09T18:28:27","modified_gmt":"2024-01-09T16:28:27","slug":"inversions","status":"publish","type":"page","link":"https:\/\/pc2.fpecaixa.info\/ca\/el-fons\/inversions\/","title":{"rendered":"Inversions"},"content":{"rendered":"\n<div class=\"wp-block-columns is-layout-flex wp-container-core-columns-is-layout-9d6595d7 wp-block-columns-is-layout-flex\">\n<div class=\"wp-block-column is-layout-flow wp-block-column-is-layout-flow\"><p>[toc]<\/p>\n<\/div>\n<\/div>\n\n\n\n<div class=\"wp-block-columns is-layout-flex wp-container-core-columns-is-layout-9d6595d7 wp-block-columns-is-layout-flex\">\n<div class=\"wp-block-column is-layout-flow wp-block-column-is-layout-flow\">\n<h2 class=\"wp-block-heading\" id=\"mandato-de-inversion\">Mandat d&#8217;inversi\u00f3<\/h2>\n\n\n\n<p>Pensions *Caixa 2, dins de la seva motivaci\u00f3 per fer del Pla de Pensions un vehicle altament capacitat per a complir amb els objectius dels seus estalviadors, cerca cada vegada m\u00e9s la millor governan\u00e7a del fons possible, aix\u00ed com uns resultats \u00f2ptims, obtinguts de la m\u00e0 de la gestora Vidacaixa. En aquest sentit, en la revisi\u00f3 de l&#8217;estrat\u00e8gia realitzada el desembre de l&#8217;any passat, amb vista a actualitzar el mandat d&#8217;inversi\u00f3 per a aquest exercici, es defineixen noves posicions estrat\u00e8giques en els diferents tipus d&#8217;actius inclosos al mandat i es busca una estrat\u00e8gia m\u00e9s sostenible, incloent-hi nous \u00edndexs de refer\u00e8ncia ASG.<\/p>\n\n\n\n<figure class=\"wp-block-image size-large\"><img loading=\"lazy\" decoding=\"async\" width=\"1016\" height=\"1024\" src=\"http:\/\/pc2.fpecaixa.info\/wp-content\/uploads\/sites\/2\/2023\/01\/distribucion-mandato-2022-1016x1024.png\" alt=\"\" class=\"wp-image-1563\" srcset=\"https:\/\/pc2.fpecaixa.info\/wp-content\/uploads\/sites\/2\/2023\/01\/distribucion-mandato-2022-1016x1024.png 1016w, https:\/\/pc2.fpecaixa.info\/wp-content\/uploads\/sites\/2\/2023\/01\/distribucion-mandato-2022-298x300.png 298w, https:\/\/pc2.fpecaixa.info\/wp-content\/uploads\/sites\/2\/2023\/01\/distribucion-mandato-2022-150x150.png 150w, https:\/\/pc2.fpecaixa.info\/wp-content\/uploads\/sites\/2\/2023\/01\/distribucion-mandato-2022-768x774.png 768w, https:\/\/pc2.fpecaixa.info\/wp-content\/uploads\/sites\/2\/2023\/01\/distribucion-mandato-2022.png 1195w\" sizes=\"auto, (max-width: 1016px) 100vw, 1016px\" \/><\/figure>\n\n\n\n<div style=\"height:30px\" aria-hidden=\"true\" class=\"wp-block-spacer\"><\/div>\n\n\n\n<h2 class=\"wp-block-heading\" id=\"mandato-2021\">Evoluci\u00f3 hist\u00f2rica del mandat <\/h2>\n\n\n\n<h4 class=\"has-text-align-center wp-block-heading\" id=\"variacion-respecto-a-2020-y-bandas-de-implementacion\">Variaci\u00f3 respecte a l&#8217;exercici anterior i bandes d&#8217;implementaci\u00f3<\/h4>\n\n\n\n<div style=\"height:20px\" aria-hidden=\"true\" class=\"wp-block-spacer\"><\/div>\n\n\n\n<figure class=\"wp-block-image size-full is-resized\"><img loading=\"lazy\" decoding=\"async\" src=\"http:\/\/pc2.fpecaixa.info\/wp-content\/uploads\/sites\/2\/2022\/09\/Evolucion-mandato.png\" alt=\"\" class=\"wp-image-1488\" width=\"562\" height=\"503\" srcset=\"https:\/\/pc2.fpecaixa.info\/wp-content\/uploads\/sites\/2\/2022\/09\/Evolucion-mandato.png 749w, https:\/\/pc2.fpecaixa.info\/wp-content\/uploads\/sites\/2\/2022\/09\/Evolucion-mandato-300x268.png 300w\" sizes=\"auto, (max-width: 562px) 100vw, 562px\" \/><\/figure>\n\n\n\n<p class=\"has-text-align-center\"> <\/p>\n\n\n\n<div style=\"height:50px\" aria-hidden=\"true\" class=\"wp-block-spacer\"><\/div>\n\n\n\n<h2 class=\"wp-block-heading\" id=\"rentabilidades-y-vlp\">Rendibilitats i VLP \u200b<\/h2>\n\n\n\n<p>Les rendibilitats mensuals m\u00e9s recents del Fons s\u00f3n les seg\u00fcents:<\/p>\n\n\n\n<div class=\"wp-block-image\"><figure class=\"aligncenter size-full\"><img loading=\"lazy\" decoding=\"async\" width=\"701\" height=\"470\" src=\"http:\/\/pc2.fpecaixa.info\/wp-content\/uploads\/sites\/2\/2024\/01\/PC2-20231201-rmes-cat-1.jpg\" alt=\"\" class=\"wp-image-1859\" srcset=\"https:\/\/pc2.fpecaixa.info\/wp-content\/uploads\/sites\/2\/2024\/01\/PC2-20231201-rmes-cat-1.jpg 701w, https:\/\/pc2.fpecaixa.info\/wp-content\/uploads\/sites\/2\/2024\/01\/PC2-20231201-rmes-cat-1-300x201.jpg 300w\" sizes=\"auto, (max-width: 701px) 100vw, 701px\" \/><\/figure><\/div>\n\n\n\n<p>Per posar en context els resultats de PC2 incloem una comparativa amb altres instruments dinversi\u00f3:<\/p>\n\n\n\n<div class=\"wp-block-image\"><figure class=\"aligncenter size-full\"><img loading=\"lazy\" decoding=\"async\" width=\"947\" height=\"734\" src=\"http:\/\/pc2.fpecaixa.info\/wp-content\/uploads\/sites\/2\/2023\/10\/PC2-202309-trim-cat.jpg\" alt=\"\" class=\"wp-image-1780\" srcset=\"https:\/\/pc2.fpecaixa.info\/wp-content\/uploads\/sites\/2\/2023\/10\/PC2-202309-trim-cat.jpg 947w, https:\/\/pc2.fpecaixa.info\/wp-content\/uploads\/sites\/2\/2023\/10\/PC2-202309-trim-cat-300x233.jpg 300w, https:\/\/pc2.fpecaixa.info\/wp-content\/uploads\/sites\/2\/2023\/10\/PC2-202309-trim-cat-768x595.jpg 768w\" sizes=\"auto, (max-width: 947px) 100vw, 947px\" \/><\/figure><\/div>\n<\/div>\n<\/div>\n\n\n\n<h2 class=\"wp-block-heading\" id=\"cartera-de-inversiones\">Cartera d&#8217;inversions<\/h2>\n\n\n\n<p>A continuaci\u00f3 trobareu la Distribuci\u00f3 mensual de la Cartera d&#8217;Inversions del Fons, seguint el mandat d&#8217;inversi\u00f3 definit:<\/p>\n\n\n\n<div class=\"wp-block-image\"><figure class=\"aligncenter size-full\"><img loading=\"lazy\" decoding=\"async\" width=\"996\" height=\"541\" src=\"http:\/\/pc2.fpecaixa.info\/wp-content\/uploads\/sites\/2\/2024\/01\/PC30-202312-AA-cat.jpg\" alt=\"\" class=\"wp-image-1863\" srcset=\"https:\/\/pc2.fpecaixa.info\/wp-content\/uploads\/sites\/2\/2024\/01\/PC30-202312-AA-cat.jpg 996w, https:\/\/pc2.fpecaixa.info\/wp-content\/uploads\/sites\/2\/2024\/01\/PC30-202312-AA-cat-300x163.jpg 300w, https:\/\/pc2.fpecaixa.info\/wp-content\/uploads\/sites\/2\/2024\/01\/PC30-202312-AA-cat-768x417.jpg 768w\" sizes=\"auto, (max-width: 996px) 100vw, 996px\" \/><\/figure><\/div>\n\n\n\n<p><\/p>\n\n\n\n<p><\/p>\n\n\n\n<p><\/p>\n\n\n\n<p><br><\/p>\n","protected":false},"excerpt":{"rendered":"<p>Mandat d&#8217;inversi\u00f3 Pensions *Caixa 2, dins de la seva motivaci\u00f3 per fer del Pla de Pensions un vehicle altament capacitat per a complir amb els objectius dels seus estalviadors, cerca cada vegada m\u00e9s la millor governan\u00e7a del fons possible, aix\u00ed com uns resultats \u00f2ptims, obtinguts de la m\u00e0 de la gestora Vidacaixa. En aquest sentit, [&hellip;]<\/p>\n","protected":false},"author":1,"featured_media":0,"parent":610,"menu_order":0,"comment_status":"closed","ping_status":"closed","template":"","meta":{"_acf_changed":false,"footnotes":""},"class_list":["post-734","page","type-page","status-publish","hentry"],"acf":[],"yoast_head":"<!-- This site is optimized with the Yoast SEO plugin v27.3 - https:\/\/yoast.com\/product\/yoast-seo-wordpress\/ -->\n<title>Inversions - Plan Colectivo Asociado (PC2)<\/title>\n<meta name=\"robots\" content=\"index, follow, max-snippet:-1, max-image-preview:large, max-video-preview:-1\" \/>\n<link rel=\"canonical\" href=\"https:\/\/pc2.fpecaixa.info\/ca\/el-fons\/inversions\/\" \/>\n<meta property=\"og:locale\" content=\"ca_ES\" \/>\n<meta property=\"og:type\" content=\"article\" \/>\n<meta property=\"og:title\" content=\"Inversions - Plan Colectivo Asociado (PC2)\" \/>\n<meta property=\"og:description\" content=\"Mandat d&#8217;inversi\u00f3 Pensions *Caixa 2, dins de la seva motivaci\u00f3 per fer del Pla de Pensions un vehicle altament capacitat per a complir amb els objectius dels seus estalviadors, cerca cada vegada m\u00e9s la millor governan\u00e7a del fons possible, aix\u00ed com uns resultats \u00f2ptims, obtinguts de la m\u00e0 de la gestora Vidacaixa. En aquest sentit, [&hellip;]\" \/>\n<meta property=\"og:url\" content=\"https:\/\/pc2.fpecaixa.info\/ca\/el-fons\/inversions\/\" \/>\n<meta property=\"og:site_name\" content=\"Plan Colectivo Asociado (PC2)\" \/>\n<meta property=\"article:modified_time\" content=\"2024-01-09T16:28:27+00:00\" \/>\n<meta property=\"og:image\" content=\"http:\/\/pc2.fpecaixa.info\/wp-content\/uploads\/sites\/2\/2023\/01\/distribucion-mandato-2022-1016x1024.png\" \/>\n<meta name=\"twitter:card\" content=\"summary_large_image\" \/>\n<meta name=\"twitter:label1\" content=\"Temps estimat de lectura\" \/>\n\t<meta name=\"twitter:data1\" content=\"2 minuts\" \/>\n<script type=\"application\/ld+json\" class=\"yoast-schema-graph\">{\"@context\":\"https:\\\/\\\/schema.org\",\"@graph\":[{\"@type\":\"WebPage\",\"@id\":\"https:\\\/\\\/pc2.fpecaixa.info\\\/ca\\\/el-fons\\\/inversions\\\/\",\"url\":\"https:\\\/\\\/pc2.fpecaixa.info\\\/ca\\\/el-fons\\\/inversions\\\/\",\"name\":\"Inversions - Plan Colectivo Asociado (PC2)\",\"isPartOf\":{\"@id\":\"https:\\\/\\\/pc2.fpecaixa.info\\\/#website\"},\"primaryImageOfPage\":{\"@id\":\"https:\\\/\\\/pc2.fpecaixa.info\\\/ca\\\/el-fons\\\/inversions\\\/#primaryimage\"},\"image\":{\"@id\":\"https:\\\/\\\/pc2.fpecaixa.info\\\/ca\\\/el-fons\\\/inversions\\\/#primaryimage\"},\"thumbnailUrl\":\"http:\\\/\\\/pc2.fpecaixa.info\\\/wp-content\\\/uploads\\\/sites\\\/2\\\/2023\\\/01\\\/distribucion-mandato-2022-1016x1024.png\",\"datePublished\":\"2021-10-20T06:11:15+00:00\",\"dateModified\":\"2024-01-09T16:28:27+00:00\",\"breadcrumb\":{\"@id\":\"https:\\\/\\\/pc2.fpecaixa.info\\\/ca\\\/el-fons\\\/inversions\\\/#breadcrumb\"},\"inLanguage\":\"ca\",\"potentialAction\":[{\"@type\":\"ReadAction\",\"target\":[\"https:\\\/\\\/pc2.fpecaixa.info\\\/ca\\\/el-fons\\\/inversions\\\/\"]}]},{\"@type\":\"ImageObject\",\"inLanguage\":\"ca\",\"@id\":\"https:\\\/\\\/pc2.fpecaixa.info\\\/ca\\\/el-fons\\\/inversions\\\/#primaryimage\",\"url\":\"http:\\\/\\\/pc2.fpecaixa.info\\\/wp-content\\\/uploads\\\/sites\\\/2\\\/2023\\\/01\\\/distribucion-mandato-2022-1016x1024.png\",\"contentUrl\":\"http:\\\/\\\/pc2.fpecaixa.info\\\/wp-content\\\/uploads\\\/sites\\\/2\\\/2023\\\/01\\\/distribucion-mandato-2022-1016x1024.png\"},{\"@type\":\"BreadcrumbList\",\"@id\":\"https:\\\/\\\/pc2.fpecaixa.info\\\/ca\\\/el-fons\\\/inversions\\\/#breadcrumb\",\"itemListElement\":[{\"@type\":\"ListItem\",\"position\":1,\"name\":\"Inici\",\"item\":\"https:\\\/\\\/pc2.fpecaixa.info\\\/\"},{\"@type\":\"ListItem\",\"position\":2,\"name\":\"El fons\",\"item\":\"https:\\\/\\\/pc2.fpecaixa.info\\\/ca\\\/el-fons\\\/\"},{\"@type\":\"ListItem\",\"position\":3,\"name\":\"Inversions\"}]},{\"@type\":\"WebSite\",\"@id\":\"https:\\\/\\\/pc2.fpecaixa.info\\\/#website\",\"url\":\"https:\\\/\\\/pc2.fpecaixa.info\\\/\",\"name\":\"Plan Colectivo Asociado (PC2)\",\"description\":\"Un altre lloc Plan de Pensiones de Empleados de Caixabank Sites \",\"potentialAction\":[{\"@type\":\"SearchAction\",\"target\":{\"@type\":\"EntryPoint\",\"urlTemplate\":\"https:\\\/\\\/pc2.fpecaixa.info\\\/?s={search_term_string}\"},\"query-input\":{\"@type\":\"PropertyValueSpecification\",\"valueRequired\":true,\"valueName\":\"search_term_string\"}}],\"inLanguage\":\"ca\"}]}<\/script>\n<!-- \/ Yoast SEO plugin. -->","yoast_head_json":{"title":"Inversions - Plan Colectivo Asociado (PC2)","robots":{"index":"index","follow":"follow","max-snippet":"max-snippet:-1","max-image-preview":"max-image-preview:large","max-video-preview":"max-video-preview:-1"},"canonical":"https:\/\/pc2.fpecaixa.info\/ca\/el-fons\/inversions\/","og_locale":"ca_ES","og_type":"article","og_title":"Inversions - Plan Colectivo Asociado (PC2)","og_description":"Mandat d&#8217;inversi\u00f3 Pensions *Caixa 2, dins de la seva motivaci\u00f3 per fer del Pla de Pensions un vehicle altament capacitat per a complir amb els objectius dels seus estalviadors, cerca cada vegada m\u00e9s la millor governan\u00e7a del fons possible, aix\u00ed com uns resultats \u00f2ptims, obtinguts de la m\u00e0 de la gestora Vidacaixa. En aquest sentit, [&hellip;]","og_url":"https:\/\/pc2.fpecaixa.info\/ca\/el-fons\/inversions\/","og_site_name":"Plan Colectivo Asociado (PC2)","article_modified_time":"2024-01-09T16:28:27+00:00","og_image":[{"url":"http:\/\/pc2.fpecaixa.info\/wp-content\/uploads\/sites\/2\/2023\/01\/distribucion-mandato-2022-1016x1024.png","type":"","width":"","height":""}],"twitter_card":"summary_large_image","twitter_misc":{"Temps estimat de lectura":"2 minuts"},"schema":{"@context":"https:\/\/schema.org","@graph":[{"@type":"WebPage","@id":"https:\/\/pc2.fpecaixa.info\/ca\/el-fons\/inversions\/","url":"https:\/\/pc2.fpecaixa.info\/ca\/el-fons\/inversions\/","name":"Inversions - Plan Colectivo Asociado (PC2)","isPartOf":{"@id":"https:\/\/pc2.fpecaixa.info\/#website"},"primaryImageOfPage":{"@id":"https:\/\/pc2.fpecaixa.info\/ca\/el-fons\/inversions\/#primaryimage"},"image":{"@id":"https:\/\/pc2.fpecaixa.info\/ca\/el-fons\/inversions\/#primaryimage"},"thumbnailUrl":"http:\/\/pc2.fpecaixa.info\/wp-content\/uploads\/sites\/2\/2023\/01\/distribucion-mandato-2022-1016x1024.png","datePublished":"2021-10-20T06:11:15+00:00","dateModified":"2024-01-09T16:28:27+00:00","breadcrumb":{"@id":"https:\/\/pc2.fpecaixa.info\/ca\/el-fons\/inversions\/#breadcrumb"},"inLanguage":"ca","potentialAction":[{"@type":"ReadAction","target":["https:\/\/pc2.fpecaixa.info\/ca\/el-fons\/inversions\/"]}]},{"@type":"ImageObject","inLanguage":"ca","@id":"https:\/\/pc2.fpecaixa.info\/ca\/el-fons\/inversions\/#primaryimage","url":"http:\/\/pc2.fpecaixa.info\/wp-content\/uploads\/sites\/2\/2023\/01\/distribucion-mandato-2022-1016x1024.png","contentUrl":"http:\/\/pc2.fpecaixa.info\/wp-content\/uploads\/sites\/2\/2023\/01\/distribucion-mandato-2022-1016x1024.png"},{"@type":"BreadcrumbList","@id":"https:\/\/pc2.fpecaixa.info\/ca\/el-fons\/inversions\/#breadcrumb","itemListElement":[{"@type":"ListItem","position":1,"name":"Inici","item":"https:\/\/pc2.fpecaixa.info\/"},{"@type":"ListItem","position":2,"name":"El fons","item":"https:\/\/pc2.fpecaixa.info\/ca\/el-fons\/"},{"@type":"ListItem","position":3,"name":"Inversions"}]},{"@type":"WebSite","@id":"https:\/\/pc2.fpecaixa.info\/#website","url":"https:\/\/pc2.fpecaixa.info\/","name":"Plan Colectivo Asociado (PC2)","description":"Un altre lloc Plan de Pensiones de Empleados de Caixabank Sites ","potentialAction":[{"@type":"SearchAction","target":{"@type":"EntryPoint","urlTemplate":"https:\/\/pc2.fpecaixa.info\/?s={search_term_string}"},"query-input":{"@type":"PropertyValueSpecification","valueRequired":true,"valueName":"search_term_string"}}],"inLanguage":"ca"}]}},"_links":{"self":[{"href":"https:\/\/pc2.fpecaixa.info\/ca\/wp-json\/wp\/v2\/pages\/734","targetHints":{"allow":["GET"]}}],"collection":[{"href":"https:\/\/pc2.fpecaixa.info\/ca\/wp-json\/wp\/v2\/pages"}],"about":[{"href":"https:\/\/pc2.fpecaixa.info\/ca\/wp-json\/wp\/v2\/types\/page"}],"author":[{"embeddable":true,"href":"https:\/\/pc2.fpecaixa.info\/ca\/wp-json\/wp\/v2\/users\/1"}],"replies":[{"embeddable":true,"href":"https:\/\/pc2.fpecaixa.info\/ca\/wp-json\/wp\/v2\/comments?post=734"}],"version-history":[{"count":38,"href":"https:\/\/pc2.fpecaixa.info\/ca\/wp-json\/wp\/v2\/pages\/734\/revisions"}],"predecessor-version":[{"id":1867,"href":"https:\/\/pc2.fpecaixa.info\/ca\/wp-json\/wp\/v2\/pages\/734\/revisions\/1867"}],"up":[{"embeddable":true,"href":"https:\/\/pc2.fpecaixa.info\/ca\/wp-json\/wp\/v2\/pages\/610"}],"wp:attachment":[{"href":"https:\/\/pc2.fpecaixa.info\/ca\/wp-json\/wp\/v2\/media?parent=734"}],"curies":[{"name":"wp","href":"https:\/\/api.w.org\/{rel}","templated":true}]}}