{"id":637,"date":"2021-10-22T09:46:36","date_gmt":"2021-10-22T07:46:36","guid":{"rendered":"http:\/\/pc2.fpecaixa.info\/documents\/"},"modified":"2024-09-20T09:45:46","modified_gmt":"2024-09-20T07:45:46","slug":"documents","status":"publish","type":"page","link":"https:\/\/pc2.fpecaixa.info\/ca\/documents\/","title":{"rendered":"Documents"},"content":{"rendered":"\n<div class=\"wp-block-columns is-layout-flex wp-container-core-columns-is-layout-9d6595d7 wp-block-columns-is-layout-flex\">\n<div class=\"wp-block-column is-layout-flow wp-block-column-is-layout-flow\">\n<h2 class=\"wp-block-heading\">Informe Anual<\/h2>\n\n\n\n<p>\u00daltim Informe anual del Fons PC2 disponible, en el qual es detallen les principals fites i esdeveniments de l&#8217; any, aix\u00ed com resultats del fons i altres detalls d&#8217; inter\u00e8s.<\/p>\n\n\n<div class='w3eden'><!-- WPDM Link Template: Default Template -->\n\n<div class=\"w3eden\"><!-- WPDM Link Template: Default Template -->\n\t<div class=\"link-template-default-fpe\">\t   \n\t\t\t<div class=\"media\">\n                <img decoding=\"async\" class=\"wpdm_icon\" alt=\"Icona\" src=\"https:\/\/pc2.fpecaixa.info\/wp-content\/plugins\/download-manager\/assets\/file-type-icons\/pdf.svg\" \/>\t\t\t\t\n                <div class=\"wpdm_title\">\n                    <a class=\"\" href=\"https:\/\/pc2.fpecaixa.info\/ca\/download\/informe-anual\/?wpdmdl=312&refresh=69e760ad92b841776771245\" data-type=\"URL\" data-id=\"https:\/\/pc2.fpecaixa.info\/ca\/download\/informe-anual\/?wpdmdl=312&refresh=69e760ad92b841776771245\" rel=\"noreferrer noopener\">Informe anual<\/a>\n                <\/div>\t\t\t\t\n\t\t\t<\/div>\t   \n\t<\/div>\n<\/div><\/div>\n<\/div>\n<\/div>\n\n\n\n<div class=\"wp-block-columns is-layout-flex wp-container-core-columns-is-layout-9d6595d7 wp-block-columns-is-layout-flex\">\n<div class=\"wp-block-column is-layout-flow wp-block-column-is-layout-flow\">\n<h2 class=\"wp-block-heading\">DPPI<\/h2>\n\n\n\n<p>Principis de la Pol\u00edtica d\u2019Inversions del Fons PC2 del Pla Associat dels Empleats de CaixaBank. <\/p>\n\n\n\n<p><\/p>\n\n\n<div class='w3eden'><!-- WPDM Link Template: Default Template -->\n\n<div class=\"w3eden\"><!-- WPDM Link Template: Default Template -->\n\t<div class=\"link-template-default-fpe\">\t   \n\t\t\t<div class=\"media\">\n                <img decoding=\"async\" class=\"wpdm_icon\" alt=\"Icona\" src=\"https:\/\/pc2.fpecaixa.info\/wp-content\/plugins\/download-manager\/assets\/file-type-icons\/pdf.svg\" \/>\t\t\t\t\n                <div class=\"wpdm_title\">\n                    <a class=\"\" href=\"https:\/\/pc2.fpecaixa.info\/ca\/download\/dppi\/?wpdmdl=313&refresh=69e760ad9d7c21776771245\" data-type=\"URL\" data-id=\"https:\/\/pc2.fpecaixa.info\/ca\/download\/dppi\/?wpdmdl=313&refresh=69e760ad9d7c21776771245\" rel=\"noreferrer noopener\">DPPI<\/a>\n                <\/div>\t\t\t\t\n\t\t\t<\/div>\t   \n\t<\/div>\n<\/div><\/div>\n<\/div>\n<\/div>\n\n\n\n<div class=\"wp-block-columns is-layout-flex wp-container-core-columns-is-layout-9d6595d7 wp-block-columns-is-layout-flex\">\n<div class=\"wp-block-column is-layout-flow wp-block-column-is-layout-flow\">\n<h2 class=\"wp-block-heading\">Informe d\u2019Auditoria i Comptes Anuals<\/h2>\n\n\n\n<p>Informe d\u2019Auditoria i Comptes Anuals.<\/p>\n\n\n<div class='w3eden'><!-- WPDM Link Template: Default Template -->\n\n<div class=\"w3eden\"><!-- WPDM Link Template: Default Template -->\n\t<div class=\"link-template-default-fpe\">\t   \n\t\t\t<div class=\"media\">\n                <img decoding=\"async\" class=\"wpdm_icon\" alt=\"Icona\" src=\"https:\/\/pc2.fpecaixa.info\/wp-content\/plugins\/download-manager\/assets\/file-type-icons\/pdf.svg\" \/>\t\t\t\t\n                <div class=\"wpdm_title\">\n                    <a class=\"\" href=\"https:\/\/pc2.fpecaixa.info\/ca\/download\/informe-de-auditoria-y-cuentas-anuales\/?wpdmdl=314&refresh=69e760ada30931776771245\" data-type=\"URL\" data-id=\"https:\/\/pc2.fpecaixa.info\/ca\/download\/informe-de-auditoria-y-cuentas-anuales\/?wpdmdl=314&refresh=69e760ada30931776771245\" rel=\"noreferrer noopener\">Informe de Auditor\u00eda y Cuentas Anuales<\/a>\n                <\/div>\t\t\t\t\n\t\t\t<\/div>\t   \n\t<\/div>\n<\/div><\/div>\n<\/div>\n<\/div>\n\n\n\n<div class=\"wp-block-columns is-layout-flex wp-container-core-columns-is-layout-9d6595d7 wp-block-columns-is-layout-flex\">\n<div class=\"wp-block-column is-layout-flow wp-block-column-is-layout-flow\">\n<h2 class=\"wp-block-heading\">Mandat<\/h2>\n\n\n\n<p>Mandat aprovat per la Comissi\u00f3 de Control.<\/p>\n\n\n<div class='w3eden'><!-- WPDM Link Template: Default Template -->\n\n<div class=\"w3eden\"><!-- WPDM Link Template: Default Template -->\n\t<div class=\"link-template-default-fpe\">\t   \n\t\t\t<div class=\"media\">\n                <img decoding=\"async\" class=\"wpdm_icon\" alt=\"Icona\" src=\"https:\/\/pc2.fpecaixa.info\/wp-content\/plugins\/download-manager\/assets\/file-type-icons\/png.svg\" \/>\t\t\t\t\n                <div class=\"wpdm_title\">\n                    <a class=\"\" href=\"https:\/\/pc2.fpecaixa.info\/ca\/download\/mandato-2021\/?wpdmdl=340&refresh=69e760ada85bc1776771245\" data-type=\"URL\" data-id=\"https:\/\/pc2.fpecaixa.info\/ca\/download\/mandato-2021\/?wpdmdl=340&refresh=69e760ada85bc1776771245\" rel=\"noreferrer noopener\">Mandato<\/a>\n                <\/div>\t\t\t\t\n\t\t\t<\/div>\t   \n\t<\/div>\n<\/div><\/div>\n<\/div>\n<\/div>\n\n\n\n<div class=\"wp-block-columns is-layout-flex wp-container-core-columns-is-layout-9d6595d7 wp-block-columns-is-layout-flex\">\n<div class=\"wp-block-column is-layout-flow wp-block-column-is-layout-flow\">\n<h2 class=\"wp-block-heading\">Fitxa del Pla Col\u00b7lectiu Associat CaixaBank<\/h2>\n\n\n\n<p>Fitxa resum semestral que recull les principals dades del Pla, la seva pol\u00edtica d\u2019inversi\u00f3 i distribuci\u00f3 d\u2019actius, evoluci\u00f3 del valor liquidatiu de la participaci\u00f3 i rendibilitat i riscos hist\u00f2rics entre altres.<\/p>\n\n\n<div class='w3eden'><!-- WPDM Link Template: Default Template -->\n\n<div class=\"w3eden\"><!-- WPDM Link Template: Default Template -->\n\t<div class=\"link-template-default-fpe\">\t   \n\t\t\t<div class=\"media\">\n                <img decoding=\"async\" class=\"wpdm_icon\" alt=\"Icona\" src=\"https:\/\/pc2.fpecaixa.info\/wp-content\/plugins\/download-manager\/assets\/file-type-icons\/pdf.svg\" \/>\t\t\t\t\n                <div class=\"wpdm_title\">\n                    <a class=\"\" href=\"https:\/\/pc2.fpecaixa.info\/wp-login.php?redirect_to=%2Fca%2Fwp-json%2Fwp%2Fv2%2Fpages%2F637\" data-type=\"URL\" data-id=\"https:\/\/pc2.fpecaixa.info\/wp-login.php?redirect_to=%2Fca%2Fwp-json%2Fwp%2Fv2%2Fpages%2F637\" rel=\"noreferrer noopener\">Fitxa del Pla Col\u00b7lectiu Associat CaixaBank<\/a>\n                <\/div>\t\t\t\t\n\t\t\t<\/div>\t   \n\t<\/div>\n<\/div><\/div>\n<\/div>\n<\/div>\n","protected":false},"excerpt":{"rendered":"<p>Informe Anual \u00daltim Informe anual del Fons PC2 disponible, en el qual es detallen les principals fites i esdeveniments de l&#8217; any, aix\u00ed com resultats del fons i altres detalls d&#8217; inter\u00e8s. DPPI Principis de la Pol\u00edtica d\u2019Inversions del Fons PC2 del Pla Associat dels Empleats de CaixaBank. Informe d\u2019Auditoria i Comptes Anuals Informe d\u2019Auditoria [&hellip;]<\/p>\n","protected":false},"author":1,"featured_media":0,"parent":0,"menu_order":0,"comment_status":"closed","ping_status":"closed","template":"","meta":{"_acf_changed":false,"footnotes":""},"class_list":["post-637","page","type-page","status-publish","hentry"],"acf":[],"yoast_head":"<!-- This site is optimized with the Yoast SEO plugin v27.4 - https:\/\/yoast.com\/product\/yoast-seo-wordpress\/ -->\n<title>Documents - Plan Colectivo Asociado (PC2)<\/title>\n<meta name=\"robots\" content=\"index, follow, max-snippet:-1, max-image-preview:large, max-video-preview:-1\" \/>\n<link rel=\"canonical\" href=\"https:\/\/pc2.fpecaixa.info\/ca\/documents\/\" \/>\n<meta property=\"og:locale\" content=\"ca_ES\" \/>\n<meta property=\"og:type\" content=\"article\" \/>\n<meta property=\"og:title\" content=\"Documents - Plan Colectivo Asociado (PC2)\" \/>\n<meta property=\"og:description\" content=\"Informe Anual \u00daltim Informe anual del Fons PC2 disponible, en el qual es detallen les principals fites i esdeveniments de l&#8217; any, aix\u00ed com resultats del fons i altres detalls d&#8217; inter\u00e8s. DPPI Principis de la Pol\u00edtica d\u2019Inversions del Fons PC2 del Pla Associat dels Empleats de CaixaBank. Informe d\u2019Auditoria i Comptes Anuals Informe d\u2019Auditoria [&hellip;]\" \/>\n<meta property=\"og:url\" content=\"https:\/\/pc2.fpecaixa.info\/ca\/documents\/\" \/>\n<meta property=\"og:site_name\" content=\"Plan Colectivo Asociado (PC2)\" \/>\n<meta property=\"article:modified_time\" content=\"2024-09-20T07:45:46+00:00\" \/>\n<meta name=\"twitter:card\" content=\"summary_large_image\" \/>\n<meta name=\"twitter:label1\" content=\"Temps estimat de lectura\" \/>\n\t<meta name=\"twitter:data1\" content=\"1 minut\" \/>\n<script type=\"application\/ld+json\" class=\"yoast-schema-graph\">{\"@context\":\"https:\\\/\\\/schema.org\",\"@graph\":[{\"@type\":\"WebPage\",\"@id\":\"https:\\\/\\\/pc2.fpecaixa.info\\\/ca\\\/documents\\\/\",\"url\":\"https:\\\/\\\/pc2.fpecaixa.info\\\/ca\\\/documents\\\/\",\"name\":\"Documents - Plan Colectivo Asociado (PC2)\",\"isPartOf\":{\"@id\":\"https:\\\/\\\/pc2.fpecaixa.info\\\/#website\"},\"datePublished\":\"2021-10-22T07:46:36+00:00\",\"dateModified\":\"2024-09-20T07:45:46+00:00\",\"breadcrumb\":{\"@id\":\"https:\\\/\\\/pc2.fpecaixa.info\\\/ca\\\/documents\\\/#breadcrumb\"},\"inLanguage\":\"ca\",\"potentialAction\":[{\"@type\":\"ReadAction\",\"target\":[\"https:\\\/\\\/pc2.fpecaixa.info\\\/ca\\\/documents\\\/\"]}]},{\"@type\":\"BreadcrumbList\",\"@id\":\"https:\\\/\\\/pc2.fpecaixa.info\\\/ca\\\/documents\\\/#breadcrumb\",\"itemListElement\":[{\"@type\":\"ListItem\",\"position\":1,\"name\":\"Inici\",\"item\":\"https:\\\/\\\/pc2.fpecaixa.info\\\/\"},{\"@type\":\"ListItem\",\"position\":2,\"name\":\"Documents\"}]},{\"@type\":\"WebSite\",\"@id\":\"https:\\\/\\\/pc2.fpecaixa.info\\\/#website\",\"url\":\"https:\\\/\\\/pc2.fpecaixa.info\\\/\",\"name\":\"Plan Colectivo Asociado (PC2)\",\"description\":\"Un altre lloc Plan de Pensiones de Empleados de Caixabank Sites \",\"potentialAction\":[{\"@type\":\"SearchAction\",\"target\":{\"@type\":\"EntryPoint\",\"urlTemplate\":\"https:\\\/\\\/pc2.fpecaixa.info\\\/?s={search_term_string}\"},\"query-input\":{\"@type\":\"PropertyValueSpecification\",\"valueRequired\":true,\"valueName\":\"search_term_string\"}}],\"inLanguage\":\"ca\"}]}<\/script>\n<!-- \/ Yoast SEO plugin. -->","yoast_head_json":{"title":"Documents - Plan Colectivo Asociado (PC2)","robots":{"index":"index","follow":"follow","max-snippet":"max-snippet:-1","max-image-preview":"max-image-preview:large","max-video-preview":"max-video-preview:-1"},"canonical":"https:\/\/pc2.fpecaixa.info\/ca\/documents\/","og_locale":"ca_ES","og_type":"article","og_title":"Documents - Plan Colectivo Asociado (PC2)","og_description":"Informe Anual \u00daltim Informe anual del Fons PC2 disponible, en el qual es detallen les principals fites i esdeveniments de l&#8217; any, aix\u00ed com resultats del fons i altres detalls d&#8217; inter\u00e8s. DPPI Principis de la Pol\u00edtica d\u2019Inversions del Fons PC2 del Pla Associat dels Empleats de CaixaBank. Informe d\u2019Auditoria i Comptes Anuals Informe d\u2019Auditoria [&hellip;]","og_url":"https:\/\/pc2.fpecaixa.info\/ca\/documents\/","og_site_name":"Plan Colectivo Asociado (PC2)","article_modified_time":"2024-09-20T07:45:46+00:00","twitter_card":"summary_large_image","twitter_misc":{"Temps estimat de lectura":"1 minut"},"schema":{"@context":"https:\/\/schema.org","@graph":[{"@type":"WebPage","@id":"https:\/\/pc2.fpecaixa.info\/ca\/documents\/","url":"https:\/\/pc2.fpecaixa.info\/ca\/documents\/","name":"Documents - Plan Colectivo Asociado (PC2)","isPartOf":{"@id":"https:\/\/pc2.fpecaixa.info\/#website"},"datePublished":"2021-10-22T07:46:36+00:00","dateModified":"2024-09-20T07:45:46+00:00","breadcrumb":{"@id":"https:\/\/pc2.fpecaixa.info\/ca\/documents\/#breadcrumb"},"inLanguage":"ca","potentialAction":[{"@type":"ReadAction","target":["https:\/\/pc2.fpecaixa.info\/ca\/documents\/"]}]},{"@type":"BreadcrumbList","@id":"https:\/\/pc2.fpecaixa.info\/ca\/documents\/#breadcrumb","itemListElement":[{"@type":"ListItem","position":1,"name":"Inici","item":"https:\/\/pc2.fpecaixa.info\/"},{"@type":"ListItem","position":2,"name":"Documents"}]},{"@type":"WebSite","@id":"https:\/\/pc2.fpecaixa.info\/#website","url":"https:\/\/pc2.fpecaixa.info\/","name":"Plan Colectivo Asociado (PC2)","description":"Un altre lloc Plan de Pensiones de Empleados de Caixabank Sites ","potentialAction":[{"@type":"SearchAction","target":{"@type":"EntryPoint","urlTemplate":"https:\/\/pc2.fpecaixa.info\/?s={search_term_string}"},"query-input":{"@type":"PropertyValueSpecification","valueRequired":true,"valueName":"search_term_string"}}],"inLanguage":"ca"}]}},"_links":{"self":[{"href":"https:\/\/pc2.fpecaixa.info\/ca\/wp-json\/wp\/v2\/pages\/637","targetHints":{"allow":["GET"]}}],"collection":[{"href":"https:\/\/pc2.fpecaixa.info\/ca\/wp-json\/wp\/v2\/pages"}],"about":[{"href":"https:\/\/pc2.fpecaixa.info\/ca\/wp-json\/wp\/v2\/types\/page"}],"author":[{"embeddable":true,"href":"https:\/\/pc2.fpecaixa.info\/ca\/wp-json\/wp\/v2\/users\/1"}],"replies":[{"embeddable":true,"href":"https:\/\/pc2.fpecaixa.info\/ca\/wp-json\/wp\/v2\/comments?post=637"}],"version-history":[{"count":7,"href":"https:\/\/pc2.fpecaixa.info\/ca\/wp-json\/wp\/v2\/pages\/637\/revisions"}],"predecessor-version":[{"id":2014,"href":"https:\/\/pc2.fpecaixa.info\/ca\/wp-json\/wp\/v2\/pages\/637\/revisions\/2014"}],"wp:attachment":[{"href":"https:\/\/pc2.fpecaixa.info\/ca\/wp-json\/wp\/v2\/media?parent=637"}],"curies":[{"name":"wp","href":"https:\/\/api.w.org\/{rel}","templated":true}]}}