{"id":624,"date":"2021-10-20T08:09:19","date_gmt":"2021-10-20T06:09:19","guid":{"rendered":"http:\/\/pc2.fpecaixa.info\/qui-somos\/"},"modified":"2022-10-10T11:05:01","modified_gmt":"2022-10-10T09:05:01","slug":"qui-som","status":"publish","type":"page","link":"https:\/\/pc2.fpecaixa.info\/ca\/qui-som\/","title":{"rendered":"Qui som"},"content":{"rendered":"\n<div class=\"wp-block-columns is-layout-flex wp-container-core-columns-is-layout-9d6595d7 wp-block-columns-is-layout-flex\">\n<div class=\"wp-block-column is-layout-flow wp-block-column-is-layout-flow\">\n<h2 class=\"wp-block-heading\">La Comissi\u00f3 de Control<\/h2>\n\n\n\n<p>La Comissi\u00f3 de Control \u00e9s l&#8217;\u00f2rgan de representaci\u00f3 del Pla i del Fons enfront de part\u00edcips i beneficiaris, aix\u00ed com enfront de tercers.<\/p>\n\n\n\n<p>Gestiona tant el Pensions Caixa 2, F.P. com el Pla Col\u00b7lectiu Associat CaixaBank conforme a les funcions que se li atribueixen en les Especificacions del Pla i les Normes de Funcionament del Fons.<\/p>\n\n\n\n<p>La Comissi\u00f3 mant\u00e9 ordin\u00e0riament 6 reunions a l&#8217;any , sense perjudici de convocar reunions amb major freq\u00fc\u00e8ncia si aix\u00ed es considera.<\/p>\n\n\n\n<p>Est\u00e0 composta per 9 membres, 8 en representaci\u00f3 dels part\u00edcips i 1 en representaci\u00f3 dels beneficiaris, en el cas que els beneficiaris superin el 20% del nombre de part\u00edcips i beneficiaris del pla. <\/p>\n\n\n\n<p>Actualment no s&#8217;aconsegueix aquest percentatge, per la qual cosa els 9 membres de la Comissi\u00f3 de Control actuen en representaci\u00f3 dels part\u00edcips.<\/p>\n\n\n\n<p>La designaci\u00f3 i elecci\u00f3 de membres es realitza cada 4 anys ,mitjan\u00e7ant el corresponent proc\u00e9s electoral contemplat en les Especificacions.<\/p>\n\n\n\n<p>Tots els seus membres s\u00f3n designats per acord de la majoria de la representaci\u00f3 laboral de CaixaBank. Actualment 4 representants de CCOO (Presidenta i tres vocals), 3 de SECB (Secretari i dos vocals) i 2 vocals de UGT.<\/p>\n<\/div>\n<\/div>\n\n\n\n<div class=\"wp-block-columns is-layout-flex wp-container-core-columns-is-layout-9d6595d7 wp-block-columns-is-layout-flex\">\n<div class=\"wp-block-column is-layout-flow wp-block-column-is-layout-flow\">\n<h2 class=\"wp-block-heading\">Agents col\u00b7laboradors<\/h2>\n\n\n\n<p>En el dia a dia col\u00b7laboren amb la Comissi\u00f3 de Control els seg\u00fcents agents exercint cadascun d&#8217;ells un paper fonamental per al bon funcionament tant del Pla com del Fons.<\/p>\n<\/div>\n<\/div>\n\n\n\n<div style=\"height:20px\" aria-hidden=\"true\" class=\"wp-block-spacer\"><\/div>\n\n\n\n<div class=\"wp-block-image\"><figure class=\"aligncenter size-full\"><img loading=\"lazy\" decoding=\"async\" width=\"286\" height=\"64\" src=\"http:\/\/pc2.fpecaixa.info\/wp-content\/uploads\/sites\/2\/2021\/11\/logo_vidacaixa-copia.jpg\" alt=\"\" class=\"wp-image-1148\" \/><figcaption>Entitat Gestora<\/figcaption><\/figure><\/div>\n\n\n\n<div style=\"height:20px\" aria-hidden=\"true\" class=\"wp-block-spacer\"><\/div>\n\n\n\n<div class=\"wp-block-image\"><figure class=\"aligncenter size-full\"><img loading=\"lazy\" decoding=\"async\" width=\"286\" height=\"64\" src=\"http:\/\/pc2.fpecaixa.info\/wp-content\/uploads\/sites\/2\/2021\/11\/logo_cecabank.jpg\" alt=\"\" class=\"wp-image-1154\" \/><figcaption>Entitat Diposit\u00e0ria<\/figcaption><\/figure><\/div>\n\n\n\n<div style=\"height:20px\" aria-hidden=\"true\" class=\"wp-block-spacer\"><\/div>\n\n\n\n<div class=\"wp-block-image\"><figure class=\"aligncenter size-full\"><img loading=\"lazy\" decoding=\"async\" width=\"512\" height=\"64\" src=\"http:\/\/pc2.fpecaixa.info\/wp-content\/uploads\/sites\/2\/2021\/11\/logo_willistowerwatson-copia.jpg\" alt=\"\" class=\"wp-image-1151\" srcset=\"https:\/\/pc2.fpecaixa.info\/wp-content\/uploads\/sites\/2\/2021\/11\/logo_willistowerwatson-copia.jpg 512w, https:\/\/pc2.fpecaixa.info\/wp-content\/uploads\/sites\/2\/2021\/11\/logo_willistowerwatson-copia-300x38.jpg 300w\" sizes=\"auto, (max-width: 512px) 100vw, 512px\" \/><figcaption>Assessor d&#8217;Inversions<\/figcaption><\/figure><\/div>\n\n\n\n<div style=\"height:20px\" aria-hidden=\"true\" class=\"wp-block-spacer\"><\/div>\n\n\n\n<div class=\"wp-block-image\"><figure class=\"aligncenter size-full\"><img loading=\"lazy\" decoding=\"async\" width=\"286\" height=\"64\" src=\"http:\/\/pc2.fpecaixa.info\/wp-content\/uploads\/sites\/2\/2021\/11\/logo_mazars-1.jpg\" alt=\"\" class=\"wp-image-1157\" \/><figcaption>Auditors<\/figcaption><\/figure><\/div>\n\n\n\n<p><\/p>\n","protected":false},"excerpt":{"rendered":"<p>La Comissi\u00f3 de Control La Comissi\u00f3 de Control \u00e9s l&#8217;\u00f2rgan de representaci\u00f3 del Pla i del Fons enfront de part\u00edcips i beneficiaris, aix\u00ed com enfront de tercers. Gestiona tant el Pensions Caixa 2, F.P. com el Pla Col\u00b7lectiu Associat CaixaBank conforme a les funcions que se li atribueixen en les Especificacions del Pla i les [&hellip;]<\/p>\n","protected":false},"author":1,"featured_media":0,"parent":0,"menu_order":0,"comment_status":"closed","ping_status":"closed","template":"","meta":{"_acf_changed":false,"footnotes":""},"class_list":["post-624","page","type-page","status-publish","hentry"],"acf":[],"yoast_head":"<!-- This site is optimized with the Yoast SEO plugin v27.4 - https:\/\/yoast.com\/product\/yoast-seo-wordpress\/ -->\n<title>Qui som - Plan Colectivo Asociado (PC2)<\/title>\n<meta name=\"robots\" content=\"index, follow, max-snippet:-1, max-image-preview:large, max-video-preview:-1\" \/>\n<link rel=\"canonical\" href=\"https:\/\/pc2.fpecaixa.info\/ca\/qui-som\/\" \/>\n<meta property=\"og:locale\" content=\"ca_ES\" \/>\n<meta property=\"og:type\" content=\"article\" \/>\n<meta property=\"og:title\" content=\"Qui som - Plan Colectivo Asociado (PC2)\" \/>\n<meta property=\"og:description\" content=\"La Comissi\u00f3 de Control La Comissi\u00f3 de Control \u00e9s l&#8217;\u00f2rgan de representaci\u00f3 del Pla i del Fons enfront de part\u00edcips i beneficiaris, aix\u00ed com enfront de tercers. Gestiona tant el Pensions Caixa 2, F.P. com el Pla Col\u00b7lectiu Associat CaixaBank conforme a les funcions que se li atribueixen en les Especificacions del Pla i les [&hellip;]\" \/>\n<meta property=\"og:url\" content=\"https:\/\/pc2.fpecaixa.info\/ca\/qui-som\/\" \/>\n<meta property=\"og:site_name\" content=\"Plan Colectivo Asociado (PC2)\" \/>\n<meta property=\"article:modified_time\" content=\"2022-10-10T09:05:01+00:00\" \/>\n<meta property=\"og:image\" content=\"http:\/\/pc2.fpecaixa.info\/wp-content\/uploads\/sites\/2\/2021\/11\/logo_vidacaixa-copia.jpg\" \/>\n<meta name=\"twitter:card\" content=\"summary_large_image\" \/>\n<meta name=\"twitter:label1\" content=\"Temps estimat de lectura\" \/>\n\t<meta name=\"twitter:data1\" content=\"1 minut\" \/>\n<script type=\"application\/ld+json\" class=\"yoast-schema-graph\">{\"@context\":\"https:\\\/\\\/schema.org\",\"@graph\":[{\"@type\":\"WebPage\",\"@id\":\"https:\\\/\\\/pc2.fpecaixa.info\\\/ca\\\/qui-som\\\/\",\"url\":\"https:\\\/\\\/pc2.fpecaixa.info\\\/ca\\\/qui-som\\\/\",\"name\":\"Qui som - Plan Colectivo Asociado (PC2)\",\"isPartOf\":{\"@id\":\"https:\\\/\\\/pc2.fpecaixa.info\\\/#website\"},\"primaryImageOfPage\":{\"@id\":\"https:\\\/\\\/pc2.fpecaixa.info\\\/ca\\\/qui-som\\\/#primaryimage\"},\"image\":{\"@id\":\"https:\\\/\\\/pc2.fpecaixa.info\\\/ca\\\/qui-som\\\/#primaryimage\"},\"thumbnailUrl\":\"http:\\\/\\\/pc2.fpecaixa.info\\\/wp-content\\\/uploads\\\/sites\\\/2\\\/2021\\\/11\\\/logo_vidacaixa-copia.jpg\",\"datePublished\":\"2021-10-20T06:09:19+00:00\",\"dateModified\":\"2022-10-10T09:05:01+00:00\",\"breadcrumb\":{\"@id\":\"https:\\\/\\\/pc2.fpecaixa.info\\\/ca\\\/qui-som\\\/#breadcrumb\"},\"inLanguage\":\"ca\",\"potentialAction\":[{\"@type\":\"ReadAction\",\"target\":[\"https:\\\/\\\/pc2.fpecaixa.info\\\/ca\\\/qui-som\\\/\"]}]},{\"@type\":\"ImageObject\",\"inLanguage\":\"ca\",\"@id\":\"https:\\\/\\\/pc2.fpecaixa.info\\\/ca\\\/qui-som\\\/#primaryimage\",\"url\":\"http:\\\/\\\/pc2.fpecaixa.info\\\/wp-content\\\/uploads\\\/sites\\\/2\\\/2021\\\/11\\\/logo_vidacaixa-copia.jpg\",\"contentUrl\":\"http:\\\/\\\/pc2.fpecaixa.info\\\/wp-content\\\/uploads\\\/sites\\\/2\\\/2021\\\/11\\\/logo_vidacaixa-copia.jpg\"},{\"@type\":\"BreadcrumbList\",\"@id\":\"https:\\\/\\\/pc2.fpecaixa.info\\\/ca\\\/qui-som\\\/#breadcrumb\",\"itemListElement\":[{\"@type\":\"ListItem\",\"position\":1,\"name\":\"Inici\",\"item\":\"https:\\\/\\\/pc2.fpecaixa.info\\\/\"},{\"@type\":\"ListItem\",\"position\":2,\"name\":\"Qui som\"}]},{\"@type\":\"WebSite\",\"@id\":\"https:\\\/\\\/pc2.fpecaixa.info\\\/#website\",\"url\":\"https:\\\/\\\/pc2.fpecaixa.info\\\/\",\"name\":\"Plan Colectivo Asociado (PC2)\",\"description\":\"Un altre lloc Plan de Pensiones de Empleados de Caixabank Sites \",\"potentialAction\":[{\"@type\":\"SearchAction\",\"target\":{\"@type\":\"EntryPoint\",\"urlTemplate\":\"https:\\\/\\\/pc2.fpecaixa.info\\\/?s={search_term_string}\"},\"query-input\":{\"@type\":\"PropertyValueSpecification\",\"valueRequired\":true,\"valueName\":\"search_term_string\"}}],\"inLanguage\":\"ca\"}]}<\/script>\n<!-- \/ Yoast SEO plugin. -->","yoast_head_json":{"title":"Qui som - Plan Colectivo Asociado (PC2)","robots":{"index":"index","follow":"follow","max-snippet":"max-snippet:-1","max-image-preview":"max-image-preview:large","max-video-preview":"max-video-preview:-1"},"canonical":"https:\/\/pc2.fpecaixa.info\/ca\/qui-som\/","og_locale":"ca_ES","og_type":"article","og_title":"Qui som - Plan Colectivo Asociado (PC2)","og_description":"La Comissi\u00f3 de Control La Comissi\u00f3 de Control \u00e9s l&#8217;\u00f2rgan de representaci\u00f3 del Pla i del Fons enfront de part\u00edcips i beneficiaris, aix\u00ed com enfront de tercers. Gestiona tant el Pensions Caixa 2, F.P. com el Pla Col\u00b7lectiu Associat CaixaBank conforme a les funcions que se li atribueixen en les Especificacions del Pla i les [&hellip;]","og_url":"https:\/\/pc2.fpecaixa.info\/ca\/qui-som\/","og_site_name":"Plan Colectivo Asociado (PC2)","article_modified_time":"2022-10-10T09:05:01+00:00","og_image":[{"url":"http:\/\/pc2.fpecaixa.info\/wp-content\/uploads\/sites\/2\/2021\/11\/logo_vidacaixa-copia.jpg","type":"","width":"","height":""}],"twitter_card":"summary_large_image","twitter_misc":{"Temps estimat de lectura":"1 minut"},"schema":{"@context":"https:\/\/schema.org","@graph":[{"@type":"WebPage","@id":"https:\/\/pc2.fpecaixa.info\/ca\/qui-som\/","url":"https:\/\/pc2.fpecaixa.info\/ca\/qui-som\/","name":"Qui som - Plan Colectivo Asociado (PC2)","isPartOf":{"@id":"https:\/\/pc2.fpecaixa.info\/#website"},"primaryImageOfPage":{"@id":"https:\/\/pc2.fpecaixa.info\/ca\/qui-som\/#primaryimage"},"image":{"@id":"https:\/\/pc2.fpecaixa.info\/ca\/qui-som\/#primaryimage"},"thumbnailUrl":"http:\/\/pc2.fpecaixa.info\/wp-content\/uploads\/sites\/2\/2021\/11\/logo_vidacaixa-copia.jpg","datePublished":"2021-10-20T06:09:19+00:00","dateModified":"2022-10-10T09:05:01+00:00","breadcrumb":{"@id":"https:\/\/pc2.fpecaixa.info\/ca\/qui-som\/#breadcrumb"},"inLanguage":"ca","potentialAction":[{"@type":"ReadAction","target":["https:\/\/pc2.fpecaixa.info\/ca\/qui-som\/"]}]},{"@type":"ImageObject","inLanguage":"ca","@id":"https:\/\/pc2.fpecaixa.info\/ca\/qui-som\/#primaryimage","url":"http:\/\/pc2.fpecaixa.info\/wp-content\/uploads\/sites\/2\/2021\/11\/logo_vidacaixa-copia.jpg","contentUrl":"http:\/\/pc2.fpecaixa.info\/wp-content\/uploads\/sites\/2\/2021\/11\/logo_vidacaixa-copia.jpg"},{"@type":"BreadcrumbList","@id":"https:\/\/pc2.fpecaixa.info\/ca\/qui-som\/#breadcrumb","itemListElement":[{"@type":"ListItem","position":1,"name":"Inici","item":"https:\/\/pc2.fpecaixa.info\/"},{"@type":"ListItem","position":2,"name":"Qui som"}]},{"@type":"WebSite","@id":"https:\/\/pc2.fpecaixa.info\/#website","url":"https:\/\/pc2.fpecaixa.info\/","name":"Plan Colectivo Asociado (PC2)","description":"Un altre lloc Plan de Pensiones de Empleados de Caixabank Sites ","potentialAction":[{"@type":"SearchAction","target":{"@type":"EntryPoint","urlTemplate":"https:\/\/pc2.fpecaixa.info\/?s={search_term_string}"},"query-input":{"@type":"PropertyValueSpecification","valueRequired":true,"valueName":"search_term_string"}}],"inLanguage":"ca"}]}},"_links":{"self":[{"href":"https:\/\/pc2.fpecaixa.info\/ca\/wp-json\/wp\/v2\/pages\/624","targetHints":{"allow":["GET"]}}],"collection":[{"href":"https:\/\/pc2.fpecaixa.info\/ca\/wp-json\/wp\/v2\/pages"}],"about":[{"href":"https:\/\/pc2.fpecaixa.info\/ca\/wp-json\/wp\/v2\/types\/page"}],"author":[{"embeddable":true,"href":"https:\/\/pc2.fpecaixa.info\/ca\/wp-json\/wp\/v2\/users\/1"}],"replies":[{"embeddable":true,"href":"https:\/\/pc2.fpecaixa.info\/ca\/wp-json\/wp\/v2\/comments?post=624"}],"version-history":[{"count":7,"href":"https:\/\/pc2.fpecaixa.info\/ca\/wp-json\/wp\/v2\/pages\/624\/revisions"}],"predecessor-version":[{"id":1531,"href":"https:\/\/pc2.fpecaixa.info\/ca\/wp-json\/wp\/v2\/pages\/624\/revisions\/1531"}],"wp:attachment":[{"href":"https:\/\/pc2.fpecaixa.info\/ca\/wp-json\/wp\/v2\/media?parent=624"}],"curies":[{"name":"wp","href":"https:\/\/api.w.org\/{rel}","templated":true}]}}