{"id":623,"date":"2021-10-20T08:53:18","date_gmt":"2021-10-20T06:53:18","guid":{"rendered":"http:\/\/pc2.fpecaixa.info\/politica-de-privacitat\/"},"modified":"2023-05-05T12:44:00","modified_gmt":"2023-05-05T10:44:00","slug":"politica-de-privacitat","status":"publish","type":"page","link":"https:\/\/pc2.fpecaixa.info\/ca\/politica-de-privacitat\/","title":{"rendered":"Pol\u00edtica de privacitat"},"content":{"rendered":"\n<div class=\"wp-block-columns is-layout-flex wp-container-core-columns-is-layout-9d6595d7 wp-block-columns-is-layout-flex\">\n<div class=\"wp-block-column is-layout-flow wp-block-column-is-layout-flow\">\n<h2 class=\"wp-block-heading\">Dades de car\u00e0cter personal de l&#8217;usuari del lloc web<\/h2>\n\n\n\n<p>En compliment del que s&#8217;estableix en la normativa de protecci\u00f3 de dades espanyola i, en particular, en l&#8217;article 5 de la Llei org\u00e0nica 15\/1999, de 13 de desembre, de Protecci\u00f3 de Dades de Car\u00e0cter Personal (LOPD), l&#8217;informem que les dades de car\u00e0cter personal que ens proporcioni a trav\u00e9s de l&#8217;enviament de correus electr\u00f2nics, aix\u00ed com les dades als quals accedim a conseq\u00fc\u00e8ncia de la seva navegaci\u00f3 o consulta realitzades a trav\u00e9s del lloc web, seran recollits per la Comissi\u00f3 de Control del Pla de Pensions o la seva Oficina del Part\u00edcip en un fitxer el responsable del qual \u00e9s l&#8217;Entitat Gestora del Fons de Pensions.<\/p>\n\n\n\n<p> Vost\u00e8 podr\u00e0 exercir els seus drets d&#8217;acc\u00e9s, rectificaci\u00f3, cancel\u00b7laci\u00f3 i oposici\u00f3 al tractament d&#8217;aquestes dades en Passeig de Recoletos 37, 28004 Madrid (Espanya), CIF A-58333261, en els termes establerts en la LOPD.<\/p>\n\n\n\n<p>El no emplenament o emplenament parcial de les dades de car\u00e0cter personal que se li requereixin podria suposar que no es pugui atendre la seva sol\u00b7licitud d&#8217;informaci\u00f3. Aix\u00ed mateix, li preguem que ens comuniqui qualsevol modificaci\u00f3 de les seves dades personals a fi que la informaci\u00f3 continguda en els nostres fitxers estigui en tot moment actualitzada i no contingui errors.<\/p>\n\n\n\n<p>Les finalitats de la recollida de les seves dades s\u00f3n la gesti\u00f3 de les seves comunicacions.<\/p>\n<\/div>\n<\/div>\n\n<div class=\"wp-block-columns is-layout-flex wp-container-core-columns-is-layout-9d6595d7 wp-block-columns-is-layout-flex\">\n<div class=\"wp-block-column is-layout-flow wp-block-column-is-layout-flow\">\n<h2 class=\"wp-block-heading\">Mesures de seguretat<\/h2>\n\n\n\n<p>El Pla de Pensions l&#8217;informa que t\u00e9 implantades les mesures de seguretat d&#8217;\u00edndole t\u00e8cnica i organitzativa necess\u00e0ries que garanteixin la seguretat de les seves dades de car\u00e0cter personal i evitin la seva alteraci\u00f3, p\u00e8rdua, tractament i\/o acc\u00e9s no autoritzat, tenint en compte de l&#8217;estat de la tecnologia, la naturalesa de les dades emmagatzemades i els riscos als quals estan exposats, ja provinguin de l&#8217;acci\u00f3 humana o del medi f\u00edsic o natural. Tot aix\u00f2, de conformitat amb el que es preveu en l&#8217;article 9 de la LOPD i la normativa de desenvolupament.<\/p>\n<\/div>\n<\/div>\n","protected":false},"excerpt":{"rendered":"<p>Dades de car\u00e0cter personal de l&#8217;usuari del lloc web En compliment del que s&#8217;estableix en la normativa de protecci\u00f3 de dades espanyola i, en particular, en l&#8217;article 5 de la Llei org\u00e0nica 15\/1999, de 13 de desembre, de Protecci\u00f3 de Dades de Car\u00e0cter Personal (LOPD), l&#8217;informem que les dades de car\u00e0cter personal que ens proporcioni [&hellip;]<\/p>\n","protected":false},"author":4,"featured_media":0,"parent":0,"menu_order":0,"comment_status":"closed","ping_status":"closed","template":"","meta":{"_acf_changed":false,"footnotes":""},"class_list":["post-623","page","type-page","status-publish","hentry"],"acf":[],"yoast_head":"<!-- This site is optimized with the Yoast SEO plugin v27.4 - https:\/\/yoast.com\/product\/yoast-seo-wordpress\/ -->\n<title>Pol\u00edtica de privacitat - Plan Colectivo Asociado (PC2)<\/title>\n<meta name=\"robots\" content=\"index, follow, max-snippet:-1, max-image-preview:large, max-video-preview:-1\" \/>\n<link rel=\"canonical\" href=\"https:\/\/pc2.fpecaixa.info\/ca\/politica-de-privacitat\/\" \/>\n<meta property=\"og:locale\" content=\"ca_ES\" \/>\n<meta property=\"og:type\" content=\"article\" \/>\n<meta property=\"og:title\" content=\"Pol\u00edtica de privacitat - Plan Colectivo Asociado (PC2)\" \/>\n<meta property=\"og:description\" content=\"Dades de car\u00e0cter personal de l&#8217;usuari del lloc web En compliment del que s&#8217;estableix en la normativa de protecci\u00f3 de dades espanyola i, en particular, en l&#8217;article 5 de la Llei org\u00e0nica 15\/1999, de 13 de desembre, de Protecci\u00f3 de Dades de Car\u00e0cter Personal (LOPD), l&#8217;informem que les dades de car\u00e0cter personal que ens proporcioni [&hellip;]\" \/>\n<meta property=\"og:url\" content=\"https:\/\/pc2.fpecaixa.info\/ca\/politica-de-privacitat\/\" \/>\n<meta property=\"og:site_name\" content=\"Plan Colectivo Asociado (PC2)\" \/>\n<meta property=\"article:modified_time\" content=\"2023-05-05T10:44:00+00:00\" \/>\n<meta name=\"twitter:card\" content=\"summary_large_image\" \/>\n<meta name=\"twitter:label1\" content=\"Temps estimat de lectura\" \/>\n\t<meta name=\"twitter:data1\" content=\"2 minuts\" \/>\n<script type=\"application\/ld+json\" class=\"yoast-schema-graph\">{\"@context\":\"https:\\\/\\\/schema.org\",\"@graph\":[{\"@type\":\"WebPage\",\"@id\":\"https:\\\/\\\/pc2.fpecaixa.info\\\/ca\\\/politica-de-privacitat\\\/\",\"url\":\"https:\\\/\\\/pc2.fpecaixa.info\\\/ca\\\/politica-de-privacitat\\\/\",\"name\":\"Pol\u00edtica de privacitat - Plan Colectivo Asociado (PC2)\",\"isPartOf\":{\"@id\":\"https:\\\/\\\/pc2.fpecaixa.info\\\/#website\"},\"datePublished\":\"2021-10-20T06:53:18+00:00\",\"dateModified\":\"2023-05-05T10:44:00+00:00\",\"breadcrumb\":{\"@id\":\"https:\\\/\\\/pc2.fpecaixa.info\\\/ca\\\/politica-de-privacitat\\\/#breadcrumb\"},\"inLanguage\":\"ca\",\"potentialAction\":[{\"@type\":\"ReadAction\",\"target\":[\"https:\\\/\\\/pc2.fpecaixa.info\\\/ca\\\/politica-de-privacitat\\\/\"]}]},{\"@type\":\"BreadcrumbList\",\"@id\":\"https:\\\/\\\/pc2.fpecaixa.info\\\/ca\\\/politica-de-privacitat\\\/#breadcrumb\",\"itemListElement\":[{\"@type\":\"ListItem\",\"position\":1,\"name\":\"Inici\",\"item\":\"https:\\\/\\\/pc2.fpecaixa.info\\\/\"},{\"@type\":\"ListItem\",\"position\":2,\"name\":\"Pol\u00edtica de privacitat\"}]},{\"@type\":\"WebSite\",\"@id\":\"https:\\\/\\\/pc2.fpecaixa.info\\\/#website\",\"url\":\"https:\\\/\\\/pc2.fpecaixa.info\\\/\",\"name\":\"Plan Colectivo Asociado (PC2)\",\"description\":\"Un altre lloc Plan de Pensiones de Empleados de Caixabank Sites \",\"potentialAction\":[{\"@type\":\"SearchAction\",\"target\":{\"@type\":\"EntryPoint\",\"urlTemplate\":\"https:\\\/\\\/pc2.fpecaixa.info\\\/?s={search_term_string}\"},\"query-input\":{\"@type\":\"PropertyValueSpecification\",\"valueRequired\":true,\"valueName\":\"search_term_string\"}}],\"inLanguage\":\"ca\"}]}<\/script>\n<!-- \/ Yoast SEO plugin. -->","yoast_head_json":{"title":"Pol\u00edtica de privacitat - Plan Colectivo Asociado (PC2)","robots":{"index":"index","follow":"follow","max-snippet":"max-snippet:-1","max-image-preview":"max-image-preview:large","max-video-preview":"max-video-preview:-1"},"canonical":"https:\/\/pc2.fpecaixa.info\/ca\/politica-de-privacitat\/","og_locale":"ca_ES","og_type":"article","og_title":"Pol\u00edtica de privacitat - Plan Colectivo Asociado (PC2)","og_description":"Dades de car\u00e0cter personal de l&#8217;usuari del lloc web En compliment del que s&#8217;estableix en la normativa de protecci\u00f3 de dades espanyola i, en particular, en l&#8217;article 5 de la Llei org\u00e0nica 15\/1999, de 13 de desembre, de Protecci\u00f3 de Dades de Car\u00e0cter Personal (LOPD), l&#8217;informem que les dades de car\u00e0cter personal que ens proporcioni [&hellip;]","og_url":"https:\/\/pc2.fpecaixa.info\/ca\/politica-de-privacitat\/","og_site_name":"Plan Colectivo Asociado (PC2)","article_modified_time":"2023-05-05T10:44:00+00:00","twitter_card":"summary_large_image","twitter_misc":{"Temps estimat de lectura":"2 minuts"},"schema":{"@context":"https:\/\/schema.org","@graph":[{"@type":"WebPage","@id":"https:\/\/pc2.fpecaixa.info\/ca\/politica-de-privacitat\/","url":"https:\/\/pc2.fpecaixa.info\/ca\/politica-de-privacitat\/","name":"Pol\u00edtica de privacitat - Plan Colectivo Asociado (PC2)","isPartOf":{"@id":"https:\/\/pc2.fpecaixa.info\/#website"},"datePublished":"2021-10-20T06:53:18+00:00","dateModified":"2023-05-05T10:44:00+00:00","breadcrumb":{"@id":"https:\/\/pc2.fpecaixa.info\/ca\/politica-de-privacitat\/#breadcrumb"},"inLanguage":"ca","potentialAction":[{"@type":"ReadAction","target":["https:\/\/pc2.fpecaixa.info\/ca\/politica-de-privacitat\/"]}]},{"@type":"BreadcrumbList","@id":"https:\/\/pc2.fpecaixa.info\/ca\/politica-de-privacitat\/#breadcrumb","itemListElement":[{"@type":"ListItem","position":1,"name":"Inici","item":"https:\/\/pc2.fpecaixa.info\/"},{"@type":"ListItem","position":2,"name":"Pol\u00edtica de privacitat"}]},{"@type":"WebSite","@id":"https:\/\/pc2.fpecaixa.info\/#website","url":"https:\/\/pc2.fpecaixa.info\/","name":"Plan Colectivo Asociado (PC2)","description":"Un altre lloc Plan de Pensiones de Empleados de Caixabank Sites ","potentialAction":[{"@type":"SearchAction","target":{"@type":"EntryPoint","urlTemplate":"https:\/\/pc2.fpecaixa.info\/?s={search_term_string}"},"query-input":{"@type":"PropertyValueSpecification","valueRequired":true,"valueName":"search_term_string"}}],"inLanguage":"ca"}]}},"_links":{"self":[{"href":"https:\/\/pc2.fpecaixa.info\/ca\/wp-json\/wp\/v2\/pages\/623","targetHints":{"allow":["GET"]}}],"collection":[{"href":"https:\/\/pc2.fpecaixa.info\/ca\/wp-json\/wp\/v2\/pages"}],"about":[{"href":"https:\/\/pc2.fpecaixa.info\/ca\/wp-json\/wp\/v2\/types\/page"}],"author":[{"embeddable":true,"href":"https:\/\/pc2.fpecaixa.info\/ca\/wp-json\/wp\/v2\/users\/4"}],"replies":[{"embeddable":true,"href":"https:\/\/pc2.fpecaixa.info\/ca\/wp-json\/wp\/v2\/comments?post=623"}],"version-history":[{"count":7,"href":"https:\/\/pc2.fpecaixa.info\/ca\/wp-json\/wp\/v2\/pages\/623\/revisions"}],"predecessor-version":[{"id":1651,"href":"https:\/\/pc2.fpecaixa.info\/ca\/wp-json\/wp\/v2\/pages\/623\/revisions\/1651"}],"wp:attachment":[{"href":"https:\/\/pc2.fpecaixa.info\/ca\/wp-json\/wp\/v2\/media?parent=623"}],"curies":[{"name":"wp","href":"https:\/\/api.w.org\/{rel}","templated":true}]}}