{"id":622,"date":"2021-10-20T08:52:02","date_gmt":"2021-10-20T06:52:02","guid":{"rendered":"http:\/\/pc2.fpecaixa.info\/politica-de-cookies\/"},"modified":"2021-11-09T16:22:38","modified_gmt":"2021-11-09T14:22:38","slug":"p-olitica-de-cookies","status":"publish","type":"page","link":"https:\/\/pc2.fpecaixa.info\/ca\/p-olitica-de-cookies\/","title":{"rendered":"Pol\u00edtica de cookies"},"content":{"rendered":"\n<div class=\"wp-block-columns is-layout-flex wp-container-core-columns-is-layout-9d6595d7 wp-block-columns-is-layout-flex\">\n<div class=\"wp-block-column is-layout-flow wp-block-column-is-layout-flow\">\n<p>Abans que comencis a navegar per la Web ens agradaria informar-te que utilitzem cookies amb diferents finalitats en la web <a href=\"http:\/\/pc2.fpecaixa.info\/\">http:\/\/pc2.fpecaixa.info\/ca<\/a>, de tal forma que puguis decidir si vols que les mateixes s\u2019instal\u00b7lin en el teu equip o no.<\/p>\n\n\n\n<p>En cas de continuar navegant en <a href=\"http:\/\/pc2.fpecaixa.info\/\">http:\/\/pc2.fpecaixa.info\/ca<\/a>, CaixaBank deduir\u00e0 que acceptes la instal\u00b7laci\u00f3 de les cookies, atorgant-nos el consentiment per a poder instal\u00b7lar-les en el teu equip.<\/p>\n<\/div>\n<\/div>\n\n<div class=\"wp-block-columns is-layout-flex wp-container-core-columns-is-layout-9d6595d7 wp-block-columns-is-layout-flex\">\n<div class=\"wp-block-column is-layout-flow wp-block-column-is-layout-flow\">\n<h2 class=\"wp-block-heading\">Que s\u00f3n les cookies<\/h2>\n\n\n\n<p>Les cookies s\u00f3n petits arxius d\u2019informaci\u00f3 que s\u2019envien i emmagatzemen en l\u2019equip des del qual s\u2019accedeix a la Web <a href=\"http:\/\/pc2.fpecaixa.info\/\">http:\/\/pc2.fpecaixa.info\/ca<\/a> (PC o ordinador personal, tel\u00e8fon m\u00f2bil, tauleta o televisi\u00f3 connectada) facilitant l\u2019\u00fas d\u2019aquesta, per a oferir un millor servei.<\/p>\n\n\n\n<p>La web <a href=\"http:\/\/pc2.fpecaixa.info\/\">http:\/\/pc2.fpecaixa.info\/ca<\/a> utilitza cookies pr\u00f2pies que ens ajuden a millorar la qualitat permetent-nos comparar, recordar, controlar i entendre com naveguen els nostres usuaris a trav\u00e9s de la Web, identificant que \u00e9s ho troben \u00fatil i el que no i poder aix\u00ed, millorar el proc\u00e9s de navegaci\u00f3.<\/p>\n\n\n\n<p>Les cookies que utilitza la Web no danyen el teu equip. \u00danicament, serveixen per a millorar els serveis oferts. Algunes s\u00f3n estrictament necess\u00e0ries perqu\u00e8 la p\u00e0gina funcioni b\u00e9 (t\u00e8cniques i de personalitzaci\u00f3) i altres serveixen per a millorar el rendiment i experi\u00e8ncia com a usuari (an\u00e0lisi, publicit\u00e0ries i de publicitat comportamental).<\/p>\n\n\n\n<p>La Web utilitza tant cookies de sessi\u00f3, temporals, com a cookies permanents. Les cookies de sessi\u00f3 emmagatzemen dades mentre l&#8217;usuari accedeix a la Web, caduquen en tancar el navegador; mentre que les cookies permanents emmagatzemen les dades en el terminal perqu\u00e8 siguin accedits i utilitzats en m\u00e9s d&#8217;una sessi\u00f3, solen caducar quan transcorre un per\u00edode de temps que pot oscil\u00b7lar entre els dos mesos i els dos anys.<\/p>\n\n\n\n<h3 class=\"wp-block-heading\">Desactivaci\u00f3 de cookies<\/h3>\n\n\n\n<p>Tens l&#8217;opci\u00f3 de permetre, bloquejar o eliminar les cookies instal\u00b7lades en el teu equip mitjan\u00e7ant la configuraci\u00f3 de les opcions del navegador instal\u00b7lat en el seu equip. En desactivar cookies, alguns dels serveis disponibles podrien deixar d&#8217;estar operatius. La manera de deshabilitar les cookies \u00e9s diferent per a cada navegador, per\u00f2 normalment pot fer-se des del men\u00fa Eines o Opcions. Tamb\u00e9 pot consultar-se el men\u00fa d&#8217;Ajuda del navegador on pots trobar instruccions. L&#8217;usuari podr\u00e0 -en qualsevol moment- triar quines cookies vol que funcionin en aquest lloc web mitjan\u00e7ant la configuraci\u00f3 del navegador, per exemple:<\/p>\n\n\n\n<ul class=\"wp-block-list\"><li>Microsoft Internet Explorer<\/li><li>Mozilla Firefox<\/li><li>Chrome<\/li><li>Safari<\/li><li>Opera<\/li><\/ul>\n\n\n<h3 class=\"wp-block-heading\">Tipus de cookies<\/h3>\n\n\n\n<p>Segons la finalitat per a la qual es tractin les dades obtingudes a trav\u00e9s de les cookies, la Web pot utilitzar:<\/p>\n\n\n\n<h4 class=\"wp-block-heading\">Cookies funcionals:<\/h4>\n\n\n\n<p>S\u00f3n aquelles que permeten a l&#8217;usuari la navegaci\u00f3 a trav\u00e9s d&#8217;una p\u00e0gina web, plataforma o aplicaci\u00f3 i la utilitzaci\u00f3 de les diferents opcions o serveis que en ella existeixin com, per exemple, controlar el tr\u00e0nsit i la comunicaci\u00f3 de dades, identificar la sessi\u00f3, accedir a parts d&#8217;acc\u00e9s restringit.<\/p>\n\n\n\n<h4 class=\"wp-block-heading\">Cookies d&#8217;estad\u00edstica:<\/h4>\n\n\n\n<p>S\u00f3n aquelles que permeten el seguiment i an\u00e0lisi del comportament dels usuaris dels llocs web als quals estan vinculades. La informaci\u00f3 recollida mitjan\u00e7ant aquesta mena de cookies s&#8217;utilitza en el mesurament de l&#8217;activitat dels llocs web, aplicaci\u00f3 o plataforma i per a l&#8217;elaboraci\u00f3 de perfils de navegaci\u00f3 dels usuaris.<\/p>\n\n\n\n<p>Actualment en la WEB s&#8217;utilitzen els seg\u00fcents tipus de cookies:<\/p>\n\n\n\n<h3 class=\"has-text-align-center wp-block-heading\">Cookies Pr\u00f2pies<\/h3>\n\n\n\n<figure class=\"wp-block-table aligncenter is-style-stripes\"><table><tbody><tr><th>Cookies<\/th><th>Finalitat<\/th><th>Opt-out<\/th><\/tr><tr><th>Cookies de Funcionalitat<\/th><td>Gestionen la correcta navegaci\u00f3 a trav\u00e9s de la Web i els seus continguts, permetent identificar les sessions d&#8217;usuari i protegir el seu \u00fas.<\/td><td>N\/A<\/td><\/tr><\/tbody><\/table><\/figure><\/div>\n<\/div>\n\n<div class=\"wp-block-columns is-layout-flex wp-container-core-columns-is-layout-9d6595d7 wp-block-columns-is-layout-flex\">\n<div class=\"wp-block-column is-layout-flow wp-block-column-is-layout-flow\" style=\"flex-basis:100%\">\n<p>Qualsevol dubte o q\u00fcesti\u00f3 que tingui sobre aquesta pol\u00edtica de cookies, pot contactar amb Caixa Bank.<\/p>\n\n\n\n<div class=\"wp-block-group\"><div class=\"wp-block-group__inner-container is-layout-flow wp-block-group-is-layout-flow\">\n<p>*Caixa Bank no es fa responsable del contingut i veracitat de les pol\u00edtiques de privacitat dels tercers incloses en aquesta pol\u00edtica de cookies.<\/p>\n<\/div><\/div>\n<\/div>\n<\/div>\n","protected":false},"excerpt":{"rendered":"<p>Abans que comencis a navegar per la Web ens agradaria informar-te que utilitzem cookies amb diferents finalitats en la web http:\/\/pc2.fpecaixa.info\/ca, de tal forma que puguis decidir si vols que les mateixes s\u2019instal\u00b7lin en el teu equip o no. En cas de continuar navegant en http:\/\/pc2.fpecaixa.info\/ca, CaixaBank deduir\u00e0 que acceptes la instal\u00b7laci\u00f3 de les cookies, [&hellip;]<\/p>\n","protected":false},"author":1,"featured_media":0,"parent":0,"menu_order":0,"comment_status":"closed","ping_status":"closed","template":"","meta":{"_acf_changed":false,"footnotes":""},"class_list":["post-622","page","type-page","status-publish","hentry"],"acf":[],"yoast_head":"<!-- This site is optimized with the Yoast SEO plugin v27.4 - https:\/\/yoast.com\/product\/yoast-seo-wordpress\/ -->\n<title>Pol\u00edtica de cookies - Plan Colectivo Asociado (PC2)<\/title>\n<meta name=\"robots\" content=\"index, follow, max-snippet:-1, max-image-preview:large, max-video-preview:-1\" \/>\n<link rel=\"canonical\" href=\"https:\/\/pc2.fpecaixa.info\/ca\/p-olitica-de-cookies\/\" \/>\n<meta property=\"og:locale\" content=\"ca_ES\" \/>\n<meta property=\"og:type\" content=\"article\" \/>\n<meta property=\"og:title\" content=\"Pol\u00edtica de cookies - Plan Colectivo Asociado (PC2)\" \/>\n<meta property=\"og:description\" content=\"Abans que comencis a navegar per la Web ens agradaria informar-te que utilitzem cookies amb diferents finalitats en la web http:\/\/pc2.fpecaixa.info\/ca, de tal forma que puguis decidir si vols que les mateixes s\u2019instal\u00b7lin en el teu equip o no. En cas de continuar navegant en http:\/\/pc2.fpecaixa.info\/ca, CaixaBank deduir\u00e0 que acceptes la instal\u00b7laci\u00f3 de les cookies, [&hellip;]\" \/>\n<meta property=\"og:url\" content=\"https:\/\/pc2.fpecaixa.info\/ca\/p-olitica-de-cookies\/\" \/>\n<meta property=\"og:site_name\" content=\"Plan Colectivo Asociado (PC2)\" \/>\n<meta property=\"article:modified_time\" content=\"2021-11-09T14:22:38+00:00\" \/>\n<meta name=\"twitter:card\" content=\"summary_large_image\" \/>\n<meta name=\"twitter:label1\" content=\"Temps estimat de lectura\" \/>\n\t<meta name=\"twitter:data1\" content=\"3 minuts\" \/>\n<script type=\"application\/ld+json\" class=\"yoast-schema-graph\">{\"@context\":\"https:\\\/\\\/schema.org\",\"@graph\":[{\"@type\":\"WebPage\",\"@id\":\"https:\\\/\\\/pc2.fpecaixa.info\\\/ca\\\/p-olitica-de-cookies\\\/\",\"url\":\"https:\\\/\\\/pc2.fpecaixa.info\\\/ca\\\/p-olitica-de-cookies\\\/\",\"name\":\"Pol\u00edtica de cookies - Plan Colectivo Asociado (PC2)\",\"isPartOf\":{\"@id\":\"https:\\\/\\\/pc2.fpecaixa.info\\\/#website\"},\"datePublished\":\"2021-10-20T06:52:02+00:00\",\"dateModified\":\"2021-11-09T14:22:38+00:00\",\"breadcrumb\":{\"@id\":\"https:\\\/\\\/pc2.fpecaixa.info\\\/ca\\\/p-olitica-de-cookies\\\/#breadcrumb\"},\"inLanguage\":\"ca\",\"potentialAction\":[{\"@type\":\"ReadAction\",\"target\":[\"https:\\\/\\\/pc2.fpecaixa.info\\\/ca\\\/p-olitica-de-cookies\\\/\"]}]},{\"@type\":\"BreadcrumbList\",\"@id\":\"https:\\\/\\\/pc2.fpecaixa.info\\\/ca\\\/p-olitica-de-cookies\\\/#breadcrumb\",\"itemListElement\":[{\"@type\":\"ListItem\",\"position\":1,\"name\":\"Inici\",\"item\":\"https:\\\/\\\/pc2.fpecaixa.info\\\/\"},{\"@type\":\"ListItem\",\"position\":2,\"name\":\"Pol\u00edtica de cookies\"}]},{\"@type\":\"WebSite\",\"@id\":\"https:\\\/\\\/pc2.fpecaixa.info\\\/#website\",\"url\":\"https:\\\/\\\/pc2.fpecaixa.info\\\/\",\"name\":\"Plan Colectivo Asociado (PC2)\",\"description\":\"Un altre lloc Plan de Pensiones de Empleados de Caixabank Sites \",\"potentialAction\":[{\"@type\":\"SearchAction\",\"target\":{\"@type\":\"EntryPoint\",\"urlTemplate\":\"https:\\\/\\\/pc2.fpecaixa.info\\\/?s={search_term_string}\"},\"query-input\":{\"@type\":\"PropertyValueSpecification\",\"valueRequired\":true,\"valueName\":\"search_term_string\"}}],\"inLanguage\":\"ca\"}]}<\/script>\n<!-- \/ Yoast SEO plugin. -->","yoast_head_json":{"title":"Pol\u00edtica de cookies - Plan Colectivo Asociado (PC2)","robots":{"index":"index","follow":"follow","max-snippet":"max-snippet:-1","max-image-preview":"max-image-preview:large","max-video-preview":"max-video-preview:-1"},"canonical":"https:\/\/pc2.fpecaixa.info\/ca\/p-olitica-de-cookies\/","og_locale":"ca_ES","og_type":"article","og_title":"Pol\u00edtica de cookies - Plan Colectivo Asociado (PC2)","og_description":"Abans que comencis a navegar per la Web ens agradaria informar-te que utilitzem cookies amb diferents finalitats en la web http:\/\/pc2.fpecaixa.info\/ca, de tal forma que puguis decidir si vols que les mateixes s\u2019instal\u00b7lin en el teu equip o no. En cas de continuar navegant en http:\/\/pc2.fpecaixa.info\/ca, CaixaBank deduir\u00e0 que acceptes la instal\u00b7laci\u00f3 de les cookies, [&hellip;]","og_url":"https:\/\/pc2.fpecaixa.info\/ca\/p-olitica-de-cookies\/","og_site_name":"Plan Colectivo Asociado (PC2)","article_modified_time":"2021-11-09T14:22:38+00:00","twitter_card":"summary_large_image","twitter_misc":{"Temps estimat de lectura":"3 minuts"},"schema":{"@context":"https:\/\/schema.org","@graph":[{"@type":"WebPage","@id":"https:\/\/pc2.fpecaixa.info\/ca\/p-olitica-de-cookies\/","url":"https:\/\/pc2.fpecaixa.info\/ca\/p-olitica-de-cookies\/","name":"Pol\u00edtica de cookies - Plan Colectivo Asociado (PC2)","isPartOf":{"@id":"https:\/\/pc2.fpecaixa.info\/#website"},"datePublished":"2021-10-20T06:52:02+00:00","dateModified":"2021-11-09T14:22:38+00:00","breadcrumb":{"@id":"https:\/\/pc2.fpecaixa.info\/ca\/p-olitica-de-cookies\/#breadcrumb"},"inLanguage":"ca","potentialAction":[{"@type":"ReadAction","target":["https:\/\/pc2.fpecaixa.info\/ca\/p-olitica-de-cookies\/"]}]},{"@type":"BreadcrumbList","@id":"https:\/\/pc2.fpecaixa.info\/ca\/p-olitica-de-cookies\/#breadcrumb","itemListElement":[{"@type":"ListItem","position":1,"name":"Inici","item":"https:\/\/pc2.fpecaixa.info\/"},{"@type":"ListItem","position":2,"name":"Pol\u00edtica de cookies"}]},{"@type":"WebSite","@id":"https:\/\/pc2.fpecaixa.info\/#website","url":"https:\/\/pc2.fpecaixa.info\/","name":"Plan Colectivo Asociado (PC2)","description":"Un altre lloc Plan de Pensiones de Empleados de Caixabank Sites ","potentialAction":[{"@type":"SearchAction","target":{"@type":"EntryPoint","urlTemplate":"https:\/\/pc2.fpecaixa.info\/?s={search_term_string}"},"query-input":{"@type":"PropertyValueSpecification","valueRequired":true,"valueName":"search_term_string"}}],"inLanguage":"ca"}]}},"_links":{"self":[{"href":"https:\/\/pc2.fpecaixa.info\/ca\/wp-json\/wp\/v2\/pages\/622","targetHints":{"allow":["GET"]}}],"collection":[{"href":"https:\/\/pc2.fpecaixa.info\/ca\/wp-json\/wp\/v2\/pages"}],"about":[{"href":"https:\/\/pc2.fpecaixa.info\/ca\/wp-json\/wp\/v2\/types\/page"}],"author":[{"embeddable":true,"href":"https:\/\/pc2.fpecaixa.info\/ca\/wp-json\/wp\/v2\/users\/1"}],"replies":[{"embeddable":true,"href":"https:\/\/pc2.fpecaixa.info\/ca\/wp-json\/wp\/v2\/comments?post=622"}],"version-history":[{"count":10,"href":"https:\/\/pc2.fpecaixa.info\/ca\/wp-json\/wp\/v2\/pages\/622\/revisions"}],"predecessor-version":[{"id":1107,"href":"https:\/\/pc2.fpecaixa.info\/ca\/wp-json\/wp\/v2\/pages\/622\/revisions\/1107"}],"wp:attachment":[{"href":"https:\/\/pc2.fpecaixa.info\/ca\/wp-json\/wp\/v2\/media?parent=622"}],"curies":[{"name":"wp","href":"https:\/\/api.w.org\/{rel}","templated":true}]}}