{"id":618,"date":"2021-10-20T08:07:09","date_gmt":"2021-10-20T06:07:09","guid":{"rendered":"http:\/\/pc2.fpecaixa.info\/el-pla\/"},"modified":"2023-10-11T14:51:14","modified_gmt":"2023-10-11T12:51:14","slug":"el-pla","status":"publish","type":"page","link":"https:\/\/pc2.fpecaixa.info\/ca\/el-pla\/","title":{"rendered":"El pla"},"content":{"rendered":"\n<div class=\"wp-block-columns is-layout-flex wp-container-core-columns-is-layout-9d6595d7 wp-block-columns-is-layout-flex\">\n<div class=\"wp-block-column is-layout-flow wp-block-column-is-layout-flow\">\n<p>El Pla Col\u00b7lectiu Associat CaixaBank \u00e9s un pla de pensions associat de modalitat d\u2019aportaci\u00f3 definida.<\/p>\n\n\n\n<p>Est\u00e0 integrat en el Pensions Caixa2, Fons de Pensions i \u00e9s exclusiu per als part\u00edcips i beneficiaris del Pla de Pensions d\u2019Ocupaci\u00f3 de CaixaBank. A m\u00e9s, a difer\u00e8ncia del Pla de Pensions d\u2019Ocupaci\u00f3, en el qual les aportacions s\u00f3n realitzades exclusivament per l\u2019empresa, el Pla Col\u00b7lectiu Associat rep les aportacions volunt\u00e0ries de la plantilla.<\/p>\n\n\n\n<p>El Fons de Pensions, on s\u2019acumulen les aportacions i els rendiments d\u2019aquestes, compta amb unes immillorables condicions econ\u00f2miques respecte a un Pla de Pensions Individual per les seves redu\u00efdes comissions de gesti\u00f3 i dip\u00f2sit.<\/p>\n\n\n\n<p>A m\u00e9s, les aportacions volunt\u00e0ries a aquest Pla es poden realitzar en qualsevol moment, ja sigui de manera puntual o peri\u00f2dica, i constitueixen una manera efectiva de complementar en un futur les prestacions del Pla d\u2019Ocupaci\u00f3 i de la Seguretat Social.<\/p>\n\n\n\n<p>En l\u2019actualitat \u00e9s el primer Pla Associat estatal per volum de patrimoni. \u00c9s gestionat per VidaCaixa, sota la supervisi\u00f3 d\u2019una Comissi\u00f3 de Control composta per 9 membres designats per acord de la majoria de la representaci\u00f3 laboral de CaixaBank.<\/p>\n\n\n<div class='w3eden'><!-- WPDM Link Template: Default Template -->\n\n<div class=\"w3eden\"><!-- WPDM Link Template: Default Template -->\n\t<div class=\"link-template-default-fpe\">\t   \n\t\t\t<div class=\"media\">\n                <img decoding=\"async\" class=\"wpdm_icon\" alt=\"Icona\" src=\"https:\/\/pc2.fpecaixa.info\/wp-content\/plugins\/download-manager\/assets\/file-type-icons\/pdf.svg\" \/>\t\t\t\t\n                <div class=\"wpdm_title\">\n                    <a class=\"\" href=\"https:\/\/pc2.fpecaixa.info\/ca\/download\/informe-anual\/?wpdmdl=312&refresh=69d4fe0161be21775566337\" data-type=\"URL\" data-id=\"https:\/\/pc2.fpecaixa.info\/ca\/download\/informe-anual\/?wpdmdl=312&refresh=69d4fe0161be21775566337\" rel=\"noreferrer noopener\">Informe anual<\/a>\n                <\/div>\t\t\t\t\n\t\t\t<\/div>\t   \n\t<\/div>\n<\/div><\/div>\n<\/div>\n<\/div>\n\n\n\n<p class=\"has-text-align-center\"><a href=\"http:\/\/pc2.fpecaixa.info\/wp-content\/uploads\/sites\/2\/2021\/10\/FITXA-PENS2_CA.pdf\">Fitxa del Pla<\/a><\/p>\n","protected":false},"excerpt":{"rendered":"<p>El Pla Col\u00b7lectiu Associat CaixaBank \u00e9s un pla de pensions associat de modalitat d\u2019aportaci\u00f3 definida. Est\u00e0 integrat en el Pensions Caixa2, Fons de Pensions i \u00e9s exclusiu per als part\u00edcips i beneficiaris del Pla de Pensions d\u2019Ocupaci\u00f3 de CaixaBank. A m\u00e9s, a difer\u00e8ncia del Pla de Pensions d\u2019Ocupaci\u00f3, en el qual les aportacions s\u00f3n realitzades [&hellip;]<\/p>\n","protected":false},"author":1,"featured_media":0,"parent":0,"menu_order":0,"comment_status":"closed","ping_status":"closed","template":"","meta":{"_acf_changed":false,"footnotes":""},"class_list":["post-618","page","type-page","status-publish","hentry"],"acf":[],"yoast_head":"<!-- This site is optimized with the Yoast SEO plugin v27.3 - https:\/\/yoast.com\/product\/yoast-seo-wordpress\/ -->\n<title>El pla - Plan Colectivo Asociado (PC2)<\/title>\n<meta name=\"robots\" content=\"index, follow, max-snippet:-1, max-image-preview:large, max-video-preview:-1\" \/>\n<link rel=\"canonical\" href=\"https:\/\/pc2.fpecaixa.info\/ca\/el-pla\/\" \/>\n<meta property=\"og:locale\" content=\"ca_ES\" \/>\n<meta property=\"og:type\" content=\"article\" \/>\n<meta property=\"og:title\" content=\"El pla - Plan Colectivo Asociado (PC2)\" \/>\n<meta property=\"og:description\" content=\"El Pla Col\u00b7lectiu Associat CaixaBank \u00e9s un pla de pensions associat de modalitat d\u2019aportaci\u00f3 definida. Est\u00e0 integrat en el Pensions Caixa2, Fons de Pensions i \u00e9s exclusiu per als part\u00edcips i beneficiaris del Pla de Pensions d\u2019Ocupaci\u00f3 de CaixaBank. A m\u00e9s, a difer\u00e8ncia del Pla de Pensions d\u2019Ocupaci\u00f3, en el qual les aportacions s\u00f3n realitzades [&hellip;]\" \/>\n<meta property=\"og:url\" content=\"https:\/\/pc2.fpecaixa.info\/ca\/el-pla\/\" \/>\n<meta property=\"og:site_name\" content=\"Plan Colectivo Asociado (PC2)\" \/>\n<meta property=\"article:modified_time\" content=\"2023-10-11T12:51:14+00:00\" \/>\n<meta name=\"twitter:card\" content=\"summary_large_image\" \/>\n<meta name=\"twitter:label1\" content=\"Temps estimat de lectura\" \/>\n\t<meta name=\"twitter:data1\" content=\"2 minuts\" \/>\n<script type=\"application\/ld+json\" class=\"yoast-schema-graph\">{\"@context\":\"https:\\\/\\\/schema.org\",\"@graph\":[{\"@type\":\"WebPage\",\"@id\":\"https:\\\/\\\/pc2.fpecaixa.info\\\/ca\\\/el-pla\\\/\",\"url\":\"https:\\\/\\\/pc2.fpecaixa.info\\\/ca\\\/el-pla\\\/\",\"name\":\"El pla - Plan Colectivo Asociado (PC2)\",\"isPartOf\":{\"@id\":\"https:\\\/\\\/pc2.fpecaixa.info\\\/#website\"},\"datePublished\":\"2021-10-20T06:07:09+00:00\",\"dateModified\":\"2023-10-11T12:51:14+00:00\",\"breadcrumb\":{\"@id\":\"https:\\\/\\\/pc2.fpecaixa.info\\\/ca\\\/el-pla\\\/#breadcrumb\"},\"inLanguage\":\"ca\",\"potentialAction\":[{\"@type\":\"ReadAction\",\"target\":[\"https:\\\/\\\/pc2.fpecaixa.info\\\/ca\\\/el-pla\\\/\"]}]},{\"@type\":\"BreadcrumbList\",\"@id\":\"https:\\\/\\\/pc2.fpecaixa.info\\\/ca\\\/el-pla\\\/#breadcrumb\",\"itemListElement\":[{\"@type\":\"ListItem\",\"position\":1,\"name\":\"Inici\",\"item\":\"https:\\\/\\\/pc2.fpecaixa.info\\\/\"},{\"@type\":\"ListItem\",\"position\":2,\"name\":\"El pla\"}]},{\"@type\":\"WebSite\",\"@id\":\"https:\\\/\\\/pc2.fpecaixa.info\\\/#website\",\"url\":\"https:\\\/\\\/pc2.fpecaixa.info\\\/\",\"name\":\"Plan Colectivo Asociado (PC2)\",\"description\":\"Un altre lloc Plan de Pensiones de Empleados de Caixabank Sites \",\"potentialAction\":[{\"@type\":\"SearchAction\",\"target\":{\"@type\":\"EntryPoint\",\"urlTemplate\":\"https:\\\/\\\/pc2.fpecaixa.info\\\/?s={search_term_string}\"},\"query-input\":{\"@type\":\"PropertyValueSpecification\",\"valueRequired\":true,\"valueName\":\"search_term_string\"}}],\"inLanguage\":\"ca\"}]}<\/script>\n<!-- \/ Yoast SEO plugin. -->","yoast_head_json":{"title":"El pla - Plan Colectivo Asociado (PC2)","robots":{"index":"index","follow":"follow","max-snippet":"max-snippet:-1","max-image-preview":"max-image-preview:large","max-video-preview":"max-video-preview:-1"},"canonical":"https:\/\/pc2.fpecaixa.info\/ca\/el-pla\/","og_locale":"ca_ES","og_type":"article","og_title":"El pla - Plan Colectivo Asociado (PC2)","og_description":"El Pla Col\u00b7lectiu Associat CaixaBank \u00e9s un pla de pensions associat de modalitat d\u2019aportaci\u00f3 definida. Est\u00e0 integrat en el Pensions Caixa2, Fons de Pensions i \u00e9s exclusiu per als part\u00edcips i beneficiaris del Pla de Pensions d\u2019Ocupaci\u00f3 de CaixaBank. A m\u00e9s, a difer\u00e8ncia del Pla de Pensions d\u2019Ocupaci\u00f3, en el qual les aportacions s\u00f3n realitzades [&hellip;]","og_url":"https:\/\/pc2.fpecaixa.info\/ca\/el-pla\/","og_site_name":"Plan Colectivo Asociado (PC2)","article_modified_time":"2023-10-11T12:51:14+00:00","twitter_card":"summary_large_image","twitter_misc":{"Temps estimat de lectura":"2 minuts"},"schema":{"@context":"https:\/\/schema.org","@graph":[{"@type":"WebPage","@id":"https:\/\/pc2.fpecaixa.info\/ca\/el-pla\/","url":"https:\/\/pc2.fpecaixa.info\/ca\/el-pla\/","name":"El pla - Plan Colectivo Asociado (PC2)","isPartOf":{"@id":"https:\/\/pc2.fpecaixa.info\/#website"},"datePublished":"2021-10-20T06:07:09+00:00","dateModified":"2023-10-11T12:51:14+00:00","breadcrumb":{"@id":"https:\/\/pc2.fpecaixa.info\/ca\/el-pla\/#breadcrumb"},"inLanguage":"ca","potentialAction":[{"@type":"ReadAction","target":["https:\/\/pc2.fpecaixa.info\/ca\/el-pla\/"]}]},{"@type":"BreadcrumbList","@id":"https:\/\/pc2.fpecaixa.info\/ca\/el-pla\/#breadcrumb","itemListElement":[{"@type":"ListItem","position":1,"name":"Inici","item":"https:\/\/pc2.fpecaixa.info\/"},{"@type":"ListItem","position":2,"name":"El pla"}]},{"@type":"WebSite","@id":"https:\/\/pc2.fpecaixa.info\/#website","url":"https:\/\/pc2.fpecaixa.info\/","name":"Plan Colectivo Asociado (PC2)","description":"Un altre lloc Plan de Pensiones de Empleados de Caixabank Sites ","potentialAction":[{"@type":"SearchAction","target":{"@type":"EntryPoint","urlTemplate":"https:\/\/pc2.fpecaixa.info\/?s={search_term_string}"},"query-input":{"@type":"PropertyValueSpecification","valueRequired":true,"valueName":"search_term_string"}}],"inLanguage":"ca"}]}},"_links":{"self":[{"href":"https:\/\/pc2.fpecaixa.info\/ca\/wp-json\/wp\/v2\/pages\/618","targetHints":{"allow":["GET"]}}],"collection":[{"href":"https:\/\/pc2.fpecaixa.info\/ca\/wp-json\/wp\/v2\/pages"}],"about":[{"href":"https:\/\/pc2.fpecaixa.info\/ca\/wp-json\/wp\/v2\/types\/page"}],"author":[{"embeddable":true,"href":"https:\/\/pc2.fpecaixa.info\/ca\/wp-json\/wp\/v2\/users\/1"}],"replies":[{"embeddable":true,"href":"https:\/\/pc2.fpecaixa.info\/ca\/wp-json\/wp\/v2\/comments?post=618"}],"version-history":[{"count":6,"href":"https:\/\/pc2.fpecaixa.info\/ca\/wp-json\/wp\/v2\/pages\/618\/revisions"}],"predecessor-version":[{"id":1768,"href":"https:\/\/pc2.fpecaixa.info\/ca\/wp-json\/wp\/v2\/pages\/618\/revisions\/1768"}],"wp:attachment":[{"href":"https:\/\/pc2.fpecaixa.info\/ca\/wp-json\/wp\/v2\/media?parent=618"}],"curies":[{"name":"wp","href":"https:\/\/api.w.org\/{rel}","templated":true}]}}