{"id":614,"date":"2021-10-20T08:11:54","date_gmt":"2021-10-20T06:11:54","guid":{"rendered":"http:\/\/pc2.fpecaixa.info\/el-fons\/reconeixements\/"},"modified":"2022-04-21T16:40:24","modified_gmt":"2022-04-21T14:40:24","slug":"reconeixements","status":"publish","type":"page","link":"https:\/\/pc2.fpecaixa.info\/ca\/el-fons\/reconeixements\/","title":{"rendered":"Reconeixements"},"content":{"rendered":"\n<div class=\"wp-block-columns is-layout-flex wp-container-core-columns-is-layout-9d6595d7 wp-block-columns-is-layout-flex\">\n<div class=\"wp-block-column is-layout-flow wp-block-column-is-layout-flow\">\n<div class=\"wp-block-columns is-layout-flex wp-container-core-columns-is-layout-9d6595d7 wp-block-columns-is-layout-flex\">\n<div class=\"wp-block-column is-layout-flow wp-block-column-is-layout-flow\">\n<h2 class=\"wp-block-heading\">Reconeixements<\/h2>\n\n\n\n<p>En PC2 tractem de superar-nos cada any, motivats per una millora cont\u00ednua tant dels resultats del fons, com de tots els aspectes que giren entorn d\u2019ell, incl\u00f2s el bon govern del fons, la innovaci\u00f3 i la comunicaci\u00f3 amb el col\u00b7lectiu. \u00c9s per aix\u00f2 que tractem de participar en programes de prestigi internacional, buscant una major visibilitat i reconeixement, perqu\u00e8 impulsin la confian\u00e7a dels part\u00edcips i ens ajudi a continuar creixent.<\/p>\n\n\n\n<div style=\"height:20px\" aria-hidden=\"true\" class=\"wp-block-spacer\"><\/div>\n\n\n\n<h3 class=\"has-text-align-center wp-block-heading\">World Pension Summit premi Innovaci\u00f3 \u2018Plan Design\u2019<\/h3>\n\n\n\n<div style=\"height:30px\" aria-hidden=\"true\" class=\"wp-block-spacer\"><\/div>\n\n\n\n<div class=\"wp-block-columns is-layout-flex wp-container-core-columns-is-layout-9d6595d7 wp-block-columns-is-layout-flex\">\n<div class=\"wp-block-column is-layout-flow wp-block-column-is-layout-flow\"><\/div>\n\n\n\n<div class=\"wp-block-column is-layout-flow wp-block-column-is-layout-flow\" style=\"flex-basis:50%\">\n<figure class=\"wp-block-image size-large is-resized\"><img loading=\"lazy\" decoding=\"async\" src=\"http:\/\/pc2.fpecaixa.info\/wp-content\/uploads\/sites\/2\/2021\/10\/worldpensionsummit2019-1024x309.jpg\" alt=\"\" class=\"wp-image-513\" width=\"1024\" height=\"309\" srcset=\"https:\/\/pc2.fpecaixa.info\/wp-content\/uploads\/sites\/2\/2021\/10\/worldpensionsummit2019-1024x309.jpg 1024w, https:\/\/pc2.fpecaixa.info\/wp-content\/uploads\/sites\/2\/2021\/10\/worldpensionsummit2019-300x91.jpg 300w, https:\/\/pc2.fpecaixa.info\/wp-content\/uploads\/sites\/2\/2021\/10\/worldpensionsummit2019-768x232.jpg 768w, https:\/\/pc2.fpecaixa.info\/wp-content\/uploads\/sites\/2\/2021\/10\/worldpensionsummit2019.jpg 1200w\" sizes=\"auto, (max-width: 1024px) 100vw, 1024px\" \/><figcaption>Finalista 2019<\/figcaption><\/figure>\n<\/div>\n\n\n\n<div class=\"wp-block-column is-layout-flow wp-block-column-is-layout-flow\"><\/div>\n<\/div>\n\n\n\n<p>El sistema agregat de pensions d\u2019empleats de CaixaBank, format per Pensions Caixa 30 FP i Pensions Caixa 2 FP, va obtenir el tercer premi en la categoria de Pla Design &amp; Reform per les seves iniciatives estrat\u00e8giques i la innovaci\u00f3 en la inversi\u00f3 en l\u2019\u00e0mbit de la ISR i impacte del canvi clim\u00e0tic. Anteriorment, va ser segon classificat en 2019.<\/p>\n\n\n\n<p>La publicaci\u00f3 especialitzada Pensions &amp; Investments tamb\u00e9 ha reconegut el nostre Pla en els WorldPensionSummit Innovation Awards.<\/p>\n\n\n\n<p>Aquests premis anuals a la innovaci\u00f3 reconeixen els assoliments dels Plans de Pensions i altres forquilles d\u2019actius i inversors institucionals en mat\u00e8ria de comunicaci\u00f3, inversi\u00f3, tecnologia i disseny de plans. Utilitzant el tema de la cimera de 2020 com a guia, els fons de pensions i altres instruments d\u2019inversi\u00f3 amb seu en els cinc continents van presentar les diverses formes en les quals estaven treballant per a aconseguir una \u201cjubilaci\u00f3 a prova de futur\u201d.<\/p>\n\n\n\n<div style=\"height:20px\" aria-hidden=\"true\" class=\"wp-block-spacer\"><\/div>\n\n\n\n<h3 class=\"has-text-align-center wp-block-heading\">IPE Awards Categoria Renda Fixa<\/h3>\n\n\n\n<div style=\"height:30px\" aria-hidden=\"true\" class=\"wp-block-spacer\"><\/div>\n\n\n\n<div class=\"wp-block-columns is-layout-flex wp-container-core-columns-is-layout-9d6595d7 wp-block-columns-is-layout-flex\">\n<div class=\"wp-block-column is-layout-flow wp-block-column-is-layout-flow\">\n<div class=\"wp-block-image\"><figure class=\"aligncenter size-full\"><img loading=\"lazy\" decoding=\"async\" width=\"197\" height=\"103\" src=\"http:\/\/pc2.fpecaixa.info\/wp-content\/uploads\/sites\/2\/2021\/10\/Foto2.png\" alt=\"\" class=\"wp-image-148\"\/><figcaption>Finalista 2019<\/figcaption><\/figure><\/div>\n<\/div>\n<\/div>\n\n\n\n<p>Reconegut en el Top 5 de millors fons d\u2019Europa en la Categoria tem\u00e0tica de Renda Fixa en 2019. Aquesta categoria reconeix a aquells fons de pensions d\u2019Europa amb una estrat\u00e8gia a llarg termini s\u00f2lida per a aquesta mena d\u2019actius, aix\u00ed com per l\u2019\u00f2ptima distribuci\u00f3 estrat\u00e8gica en cartera d\u2019instruments de Renda Fixa, combinant tant actius tradicionals com aquells amb un perfil m\u00e9s innovador. <\/p>\n\n\n\n<p>En 2020, PC2 va ser candidat a diverses categories, incloses les de Fons Espanyol, Renda Fixa, i Construcci\u00f3 de Cartera i Diversificaci\u00f3.<\/p>\n\n\n\n<p>IPE Conference &amp; Awards ha recompensat l\u2019excel\u00b7l\u00e8ncia en la ind\u00fastria de pensions d\u2019Europa durant 20 anys i \u00e9s el principal esdeveniment d\u2019aquest tipus amb la major reuni\u00f3 anual de fons de pensions a Europa. Cada any, els premis IPE reconeixen els assoliments dels diversos fons de pensions en tota Europa i celebren l\u2019excel\u00b7l\u00e8ncia mitjan\u00e7ant la creaci\u00f3 d\u2019un ampli i significatiu conjunt de punts de refer\u00e8ncia.<\/p>\n\n\n\n<p>En 2020 van rebre m\u00e9s de 350 candidatures de Fons de Pensions al llarg de totes les categories ofertes. Aquestes institucions representen a uns 76,8 milions d\u2019afiliats a fons de pensions en 23 pa\u00efsos diferents d\u2019Europa. Aquestes candidatures van ser avaluades per al voltant de 90 jutges.<\/p>\n<\/div>\n<\/div>\n<\/div>\n<\/div>\n","protected":false},"excerpt":{"rendered":"<p>Reconeixements En PC2 tractem de superar-nos cada any, motivats per una millora cont\u00ednua tant dels resultats del fons, com de tots els aspectes que giren entorn d\u2019ell, incl\u00f2s el bon govern del fons, la innovaci\u00f3 i la comunicaci\u00f3 amb el col\u00b7lectiu. \u00c9s per aix\u00f2 que tractem de participar en programes de prestigi internacional, buscant una [&hellip;]<\/p>\n","protected":false},"author":1,"featured_media":0,"parent":610,"menu_order":0,"comment_status":"closed","ping_status":"closed","template":"","meta":{"_acf_changed":false,"footnotes":""},"class_list":["post-614","page","type-page","status-publish","hentry"],"acf":[],"yoast_head":"<!-- This site is optimized with the Yoast SEO plugin v27.4 - https:\/\/yoast.com\/product\/yoast-seo-wordpress\/ -->\n<title>Reconeixements - Plan Colectivo Asociado (PC2)<\/title>\n<meta name=\"robots\" content=\"index, follow, max-snippet:-1, max-image-preview:large, max-video-preview:-1\" \/>\n<link rel=\"canonical\" href=\"https:\/\/pc2.fpecaixa.info\/ca\/el-fons\/reconeixements\/\" \/>\n<meta property=\"og:locale\" content=\"ca_ES\" \/>\n<meta property=\"og:type\" content=\"article\" \/>\n<meta property=\"og:title\" content=\"Reconeixements - Plan Colectivo Asociado (PC2)\" \/>\n<meta property=\"og:description\" content=\"Reconeixements En PC2 tractem de superar-nos cada any, motivats per una millora cont\u00ednua tant dels resultats del fons, com de tots els aspectes que giren entorn d\u2019ell, incl\u00f2s el bon govern del fons, la innovaci\u00f3 i la comunicaci\u00f3 amb el col\u00b7lectiu. \u00c9s per aix\u00f2 que tractem de participar en programes de prestigi internacional, buscant una [&hellip;]\" \/>\n<meta property=\"og:url\" content=\"https:\/\/pc2.fpecaixa.info\/ca\/el-fons\/reconeixements\/\" \/>\n<meta property=\"og:site_name\" content=\"Plan Colectivo Asociado (PC2)\" \/>\n<meta property=\"article:modified_time\" content=\"2022-04-21T14:40:24+00:00\" \/>\n<meta property=\"og:image\" content=\"http:\/\/pc2.fpecaixa.info\/wp-content\/uploads\/sites\/2\/2021\/10\/worldpensionsummit2019-1024x309.jpg\" \/>\n<meta name=\"twitter:card\" content=\"summary_large_image\" \/>\n<meta name=\"twitter:label1\" content=\"Temps estimat de lectura\" \/>\n\t<meta name=\"twitter:data1\" content=\"2 minuts\" \/>\n<script type=\"application\/ld+json\" class=\"yoast-schema-graph\">{\"@context\":\"https:\\\/\\\/schema.org\",\"@graph\":[{\"@type\":\"WebPage\",\"@id\":\"https:\\\/\\\/pc2.fpecaixa.info\\\/ca\\\/el-fons\\\/reconeixements\\\/\",\"url\":\"https:\\\/\\\/pc2.fpecaixa.info\\\/ca\\\/el-fons\\\/reconeixements\\\/\",\"name\":\"Reconeixements - Plan Colectivo Asociado (PC2)\",\"isPartOf\":{\"@id\":\"https:\\\/\\\/pc2.fpecaixa.info\\\/#website\"},\"primaryImageOfPage\":{\"@id\":\"https:\\\/\\\/pc2.fpecaixa.info\\\/ca\\\/el-fons\\\/reconeixements\\\/#primaryimage\"},\"image\":{\"@id\":\"https:\\\/\\\/pc2.fpecaixa.info\\\/ca\\\/el-fons\\\/reconeixements\\\/#primaryimage\"},\"thumbnailUrl\":\"http:\\\/\\\/pc2.fpecaixa.info\\\/wp-content\\\/uploads\\\/sites\\\/2\\\/2021\\\/10\\\/worldpensionsummit2019-1024x309.jpg\",\"datePublished\":\"2021-10-20T06:11:54+00:00\",\"dateModified\":\"2022-04-21T14:40:24+00:00\",\"breadcrumb\":{\"@id\":\"https:\\\/\\\/pc2.fpecaixa.info\\\/ca\\\/el-fons\\\/reconeixements\\\/#breadcrumb\"},\"inLanguage\":\"ca\",\"potentialAction\":[{\"@type\":\"ReadAction\",\"target\":[\"https:\\\/\\\/pc2.fpecaixa.info\\\/ca\\\/el-fons\\\/reconeixements\\\/\"]}]},{\"@type\":\"ImageObject\",\"inLanguage\":\"ca\",\"@id\":\"https:\\\/\\\/pc2.fpecaixa.info\\\/ca\\\/el-fons\\\/reconeixements\\\/#primaryimage\",\"url\":\"http:\\\/\\\/pc2.fpecaixa.info\\\/wp-content\\\/uploads\\\/sites\\\/2\\\/2021\\\/10\\\/worldpensionsummit2019-1024x309.jpg\",\"contentUrl\":\"http:\\\/\\\/pc2.fpecaixa.info\\\/wp-content\\\/uploads\\\/sites\\\/2\\\/2021\\\/10\\\/worldpensionsummit2019-1024x309.jpg\"},{\"@type\":\"BreadcrumbList\",\"@id\":\"https:\\\/\\\/pc2.fpecaixa.info\\\/ca\\\/el-fons\\\/reconeixements\\\/#breadcrumb\",\"itemListElement\":[{\"@type\":\"ListItem\",\"position\":1,\"name\":\"Inici\",\"item\":\"https:\\\/\\\/pc2.fpecaixa.info\\\/\"},{\"@type\":\"ListItem\",\"position\":2,\"name\":\"El fons\",\"item\":\"https:\\\/\\\/pc2.fpecaixa.info\\\/ca\\\/el-fons\\\/\"},{\"@type\":\"ListItem\",\"position\":3,\"name\":\"Reconeixements\"}]},{\"@type\":\"WebSite\",\"@id\":\"https:\\\/\\\/pc2.fpecaixa.info\\\/#website\",\"url\":\"https:\\\/\\\/pc2.fpecaixa.info\\\/\",\"name\":\"Plan Colectivo Asociado (PC2)\",\"description\":\"Un altre lloc Plan de Pensiones de Empleados de Caixabank Sites \",\"potentialAction\":[{\"@type\":\"SearchAction\",\"target\":{\"@type\":\"EntryPoint\",\"urlTemplate\":\"https:\\\/\\\/pc2.fpecaixa.info\\\/?s={search_term_string}\"},\"query-input\":{\"@type\":\"PropertyValueSpecification\",\"valueRequired\":true,\"valueName\":\"search_term_string\"}}],\"inLanguage\":\"ca\"}]}<\/script>\n<!-- \/ Yoast SEO plugin. -->","yoast_head_json":{"title":"Reconeixements - Plan Colectivo Asociado (PC2)","robots":{"index":"index","follow":"follow","max-snippet":"max-snippet:-1","max-image-preview":"max-image-preview:large","max-video-preview":"max-video-preview:-1"},"canonical":"https:\/\/pc2.fpecaixa.info\/ca\/el-fons\/reconeixements\/","og_locale":"ca_ES","og_type":"article","og_title":"Reconeixements - Plan Colectivo Asociado (PC2)","og_description":"Reconeixements En PC2 tractem de superar-nos cada any, motivats per una millora cont\u00ednua tant dels resultats del fons, com de tots els aspectes que giren entorn d\u2019ell, incl\u00f2s el bon govern del fons, la innovaci\u00f3 i la comunicaci\u00f3 amb el col\u00b7lectiu. \u00c9s per aix\u00f2 que tractem de participar en programes de prestigi internacional, buscant una [&hellip;]","og_url":"https:\/\/pc2.fpecaixa.info\/ca\/el-fons\/reconeixements\/","og_site_name":"Plan Colectivo Asociado (PC2)","article_modified_time":"2022-04-21T14:40:24+00:00","og_image":[{"url":"http:\/\/pc2.fpecaixa.info\/wp-content\/uploads\/sites\/2\/2021\/10\/worldpensionsummit2019-1024x309.jpg","type":"","width":"","height":""}],"twitter_card":"summary_large_image","twitter_misc":{"Temps estimat de lectura":"2 minuts"},"schema":{"@context":"https:\/\/schema.org","@graph":[{"@type":"WebPage","@id":"https:\/\/pc2.fpecaixa.info\/ca\/el-fons\/reconeixements\/","url":"https:\/\/pc2.fpecaixa.info\/ca\/el-fons\/reconeixements\/","name":"Reconeixements - Plan Colectivo Asociado (PC2)","isPartOf":{"@id":"https:\/\/pc2.fpecaixa.info\/#website"},"primaryImageOfPage":{"@id":"https:\/\/pc2.fpecaixa.info\/ca\/el-fons\/reconeixements\/#primaryimage"},"image":{"@id":"https:\/\/pc2.fpecaixa.info\/ca\/el-fons\/reconeixements\/#primaryimage"},"thumbnailUrl":"http:\/\/pc2.fpecaixa.info\/wp-content\/uploads\/sites\/2\/2021\/10\/worldpensionsummit2019-1024x309.jpg","datePublished":"2021-10-20T06:11:54+00:00","dateModified":"2022-04-21T14:40:24+00:00","breadcrumb":{"@id":"https:\/\/pc2.fpecaixa.info\/ca\/el-fons\/reconeixements\/#breadcrumb"},"inLanguage":"ca","potentialAction":[{"@type":"ReadAction","target":["https:\/\/pc2.fpecaixa.info\/ca\/el-fons\/reconeixements\/"]}]},{"@type":"ImageObject","inLanguage":"ca","@id":"https:\/\/pc2.fpecaixa.info\/ca\/el-fons\/reconeixements\/#primaryimage","url":"http:\/\/pc2.fpecaixa.info\/wp-content\/uploads\/sites\/2\/2021\/10\/worldpensionsummit2019-1024x309.jpg","contentUrl":"http:\/\/pc2.fpecaixa.info\/wp-content\/uploads\/sites\/2\/2021\/10\/worldpensionsummit2019-1024x309.jpg"},{"@type":"BreadcrumbList","@id":"https:\/\/pc2.fpecaixa.info\/ca\/el-fons\/reconeixements\/#breadcrumb","itemListElement":[{"@type":"ListItem","position":1,"name":"Inici","item":"https:\/\/pc2.fpecaixa.info\/"},{"@type":"ListItem","position":2,"name":"El fons","item":"https:\/\/pc2.fpecaixa.info\/ca\/el-fons\/"},{"@type":"ListItem","position":3,"name":"Reconeixements"}]},{"@type":"WebSite","@id":"https:\/\/pc2.fpecaixa.info\/#website","url":"https:\/\/pc2.fpecaixa.info\/","name":"Plan Colectivo Asociado (PC2)","description":"Un altre lloc Plan de Pensiones de Empleados de Caixabank Sites ","potentialAction":[{"@type":"SearchAction","target":{"@type":"EntryPoint","urlTemplate":"https:\/\/pc2.fpecaixa.info\/?s={search_term_string}"},"query-input":{"@type":"PropertyValueSpecification","valueRequired":true,"valueName":"search_term_string"}}],"inLanguage":"ca"}]}},"_links":{"self":[{"href":"https:\/\/pc2.fpecaixa.info\/ca\/wp-json\/wp\/v2\/pages\/614","targetHints":{"allow":["GET"]}}],"collection":[{"href":"https:\/\/pc2.fpecaixa.info\/ca\/wp-json\/wp\/v2\/pages"}],"about":[{"href":"https:\/\/pc2.fpecaixa.info\/ca\/wp-json\/wp\/v2\/types\/page"}],"author":[{"embeddable":true,"href":"https:\/\/pc2.fpecaixa.info\/ca\/wp-json\/wp\/v2\/users\/1"}],"replies":[{"embeddable":true,"href":"https:\/\/pc2.fpecaixa.info\/ca\/wp-json\/wp\/v2\/comments?post=614"}],"version-history":[{"count":6,"href":"https:\/\/pc2.fpecaixa.info\/ca\/wp-json\/wp\/v2\/pages\/614\/revisions"}],"predecessor-version":[{"id":1374,"href":"https:\/\/pc2.fpecaixa.info\/ca\/wp-json\/wp\/v2\/pages\/614\/revisions\/1374"}],"up":[{"embeddable":true,"href":"https:\/\/pc2.fpecaixa.info\/ca\/wp-json\/wp\/v2\/pages\/610"}],"wp:attachment":[{"href":"https:\/\/pc2.fpecaixa.info\/ca\/wp-json\/wp\/v2\/media?parent=614"}],"curies":[{"name":"wp","href":"https:\/\/api.w.org\/{rel}","templated":true}]}}