{"id":612,"date":"2021-10-20T08:10:31","date_gmt":"2021-10-20T06:10:31","guid":{"rendered":"http:\/\/pc2.fpecaixa.info\/el-fons\/coneix-el-fons\/"},"modified":"2023-01-16T15:18:04","modified_gmt":"2023-01-16T13:18:04","slug":"coneix-el-fons","status":"publish","type":"page","link":"https:\/\/pc2.fpecaixa.info\/ca\/el-fons\/coneix-el-fons\/","title":{"rendered":"Coneix el fons"},"content":{"rendered":"\n<div class=\"wp-block-columns is-layout-flex wp-container-core-columns-is-layout-9d6595d7 wp-block-columns-is-layout-flex\">\n<div class=\"wp-block-column is-layout-flow wp-block-column-is-layout-flow\">\n<p>Legalment tot Pla de Pensions ha d\u2019estar adscrit a un Fons de Pensions que integri les seves aportacions. Pot donar-se la circumst\u00e0ncia que un determinat Fons integri les aportacions de diversos Plans de Pensions. <\/p>\n\n\n\n<p>En el nostre cas PENSIONS CAIXA 2, F.P. \u00fanicament integra les aportacions que es realitzen en el Pla Col\u00b7lectiu Associat CaixaBank.<\/p>\n\n\n\n<p>El govern tant del Fons com del Pla es realitza a trav\u00e9s de la Comissi\u00f3 de Control conforme a les funcions que se li atribueixen en les Especificacions del Pla Col\u00b7lectiu Associat de CaixaBank, S.A. i les Normes de Funcionament del Pensions Caixa 2, Fons de Pensions.<\/p>\n<\/div>\n<\/div>\n\n\n\n<div class=\"wp-block-columns is-layout-flex wp-container-core-columns-is-layout-9d6595d7 wp-block-columns-is-layout-flex\">\n<div class=\"wp-block-column is-layout-flow wp-block-column-is-layout-flow\">\n<h2 class=\"wp-block-heading\">Pol\u00edtiques d\u2019inversi\u00f3<\/h2>\n\n\n\n<p>Les pol\u00edtiques d\u2019inversi\u00f3 del Fons es dissenyen conjuntament entre la Gestora, la Comissi\u00f3 de Control i una Consultora que assessora i fa costat a la Comissi\u00f3 de Control en tota la gesti\u00f3 que realitza.<\/p>\n\n\n\n<p>La Pol\u00edtica d\u2019Inversi\u00f3 ve reflectida en la Declaraci\u00f3 de Principis de Pol\u00edtica d\u2019Inversi\u00f3 (DPPI).<\/p>\n\n\n\n<p>L\u2019objectiu d\u2019Inversi\u00f3 al qual aspira el Fons de Pensions es correspon amb l\u2019obtenci\u00f3 d\u2019una rendibilitat anual (mesura de forma anualitzada en per\u00edodes de 5 anys) en l\u00ednia amb l\u2019\u00edndex Euribor 3 mesos + 3,5% amb un nivell de risc associat a l\u2019entorn del 12% (mesurat a trav\u00e9s de la volatilitat anual).<\/p>\n\n\n\n<p>Aquest objectiu d\u2019Inversi\u00f3 ha d\u2019entendre\u2019s exclusivament com un referent d\u2019actuaci\u00f3, sense que, en cap cas, pugui ser interpretat com un comprom\u00eds col\u00b7lectiu o individual de part\u00edcips i beneficiaris, els drets i l\u2019evoluci\u00f3 dels quals futura, en \u00faltima inst\u00e0ncia, dependran tamb\u00e9 de les seves caracter\u00edstiques particulars.<\/p>\n\n\n\n<p>L\u2019objectiu d\u2019inversi\u00f3 descrit es trasllada a una pol\u00edtica d\u2019inversi\u00f3 a llarg termini que es defineix tamb\u00e9 en aquest document i que comporta la definici\u00f3 d\u2019una estrat\u00e8gia d\u2019inversi\u00f3 i l\u2019establiment d\u2019uns \u00edndexs de refer\u00e8ncia respecte dels quals mesurar l\u2019actuaci\u00f3 de l\u2019entitat gestora. <\/p>\n\n\n\n<p>Una extra rendibilitat (dels \u00faltims 5 anys anualitzats) del 0,5%, neta ja de despeses, sobre l\u2019\u00edndex de refer\u00e8ncia, com a m\u00e8trica del valor afegit en la gesti\u00f3 de les inversions.<\/p>\n<\/div>\n<\/div>\n\n\n\n<div class=\"wp-block-columns is-layout-flex wp-container-core-columns-is-layout-9d6595d7 wp-block-columns-is-layout-flex\">\n<div class=\"wp-block-column is-layout-flow wp-block-column-is-layout-flow\">\n<h2 class=\"wp-block-heading\">Creences d\u2019inversi\u00f3<\/h2>\n\n\n\n<p>L\u2019estrat\u00e8gia d\u2019inversi\u00f3 a llarg termini i el mandat de gesti\u00f3 s\u00f3n les principals eines de la Comissi\u00f3 de Control per a portar a la pr\u00e0ctica els objectius d\u2019inversi\u00f3 definits.<\/p>\n\n\n\n<p>La Comissi\u00f3 de Control estableix a l\u2019abril de 2021 les seg\u00fcents creences d\u2019inversi\u00f3 que seran les que recolzin la seva visi\u00f3 i les seves decisions a mitj\u00e0 i llarg termini i que s\u2019haurien de tenir en consideraci\u00f3 en la gesti\u00f3 de les inversions.<\/p>\n\n\n\n<ol class=\"wp-block-list\"><li>Un bon nivell de Governance en el Fons de Pensions permet aspirar a millors resultats<br><\/li><li>L\u2019estrat\u00e8gia d\u2019inversi\u00f3 \u00e9s el principal factor a l\u2019hora d\u2019explicar la rendibilitat i risc del Fons de Pensions<br><\/li><li>Les decisions estrat\u00e8giques han d\u2019estar alineades amb l\u2019horitz\u00f3 temporal del Fons<br><\/li><li>La sostenibilitat \u00e9s part essencial en tot el nostre proc\u00e9s d\u2019inversi\u00f3<br><\/li><li>L\u2019\u00fas de la gesti\u00f3 activa permet afegir valor al Fons de Pensions<br><\/li><li>La gesti\u00f3 dels costos \u00e9s important en els resultats del Fons de Pensions<br><\/li><li>Una correcta i adequat monitoratge dels resultats del Fons pot afegir valor<\/li><\/ol>\n<\/div>\n<\/div>\n","protected":false},"excerpt":{"rendered":"<p>Legalment tot Pla de Pensions ha d\u2019estar adscrit a un Fons de Pensions que integri les seves aportacions. Pot donar-se la circumst\u00e0ncia que un determinat Fons integri les aportacions de diversos Plans de Pensions. En el nostre cas PENSIONS CAIXA 2, F.P. \u00fanicament integra les aportacions que es realitzen en el Pla Col\u00b7lectiu Associat CaixaBank. [&hellip;]<\/p>\n","protected":false},"author":1,"featured_media":0,"parent":610,"menu_order":0,"comment_status":"closed","ping_status":"closed","template":"","meta":{"_acf_changed":false,"footnotes":""},"class_list":["post-612","page","type-page","status-publish","hentry"],"acf":[],"yoast_head":"<!-- This site is optimized with the Yoast SEO plugin v27.4 - https:\/\/yoast.com\/product\/yoast-seo-wordpress\/ -->\n<title>Coneix el fons - Plan Colectivo Asociado (PC2)<\/title>\n<meta name=\"robots\" content=\"index, follow, max-snippet:-1, max-image-preview:large, max-video-preview:-1\" \/>\n<link rel=\"canonical\" href=\"https:\/\/pc2.fpecaixa.info\/ca\/el-fons\/coneix-el-fons\/\" \/>\n<meta property=\"og:locale\" content=\"ca_ES\" \/>\n<meta property=\"og:type\" content=\"article\" \/>\n<meta property=\"og:title\" content=\"Coneix el fons - Plan Colectivo Asociado (PC2)\" \/>\n<meta property=\"og:description\" content=\"Legalment tot Pla de Pensions ha d\u2019estar adscrit a un Fons de Pensions que integri les seves aportacions. Pot donar-se la circumst\u00e0ncia que un determinat Fons integri les aportacions de diversos Plans de Pensions. En el nostre cas PENSIONS CAIXA 2, F.P. \u00fanicament integra les aportacions que es realitzen en el Pla Col\u00b7lectiu Associat CaixaBank. [&hellip;]\" \/>\n<meta property=\"og:url\" content=\"https:\/\/pc2.fpecaixa.info\/ca\/el-fons\/coneix-el-fons\/\" \/>\n<meta property=\"og:site_name\" content=\"Plan Colectivo Asociado (PC2)\" \/>\n<meta property=\"article:modified_time\" content=\"2023-01-16T13:18:04+00:00\" \/>\n<meta name=\"twitter:card\" content=\"summary_large_image\" \/>\n<meta name=\"twitter:label1\" content=\"Temps estimat de lectura\" \/>\n\t<meta name=\"twitter:data1\" content=\"3 minuts\" \/>\n<script type=\"application\/ld+json\" class=\"yoast-schema-graph\">{\"@context\":\"https:\\\/\\\/schema.org\",\"@graph\":[{\"@type\":\"WebPage\",\"@id\":\"https:\\\/\\\/pc2.fpecaixa.info\\\/ca\\\/el-fons\\\/coneix-el-fons\\\/\",\"url\":\"https:\\\/\\\/pc2.fpecaixa.info\\\/ca\\\/el-fons\\\/coneix-el-fons\\\/\",\"name\":\"Coneix el fons - Plan Colectivo Asociado (PC2)\",\"isPartOf\":{\"@id\":\"https:\\\/\\\/pc2.fpecaixa.info\\\/#website\"},\"datePublished\":\"2021-10-20T06:10:31+00:00\",\"dateModified\":\"2023-01-16T13:18:04+00:00\",\"breadcrumb\":{\"@id\":\"https:\\\/\\\/pc2.fpecaixa.info\\\/ca\\\/el-fons\\\/coneix-el-fons\\\/#breadcrumb\"},\"inLanguage\":\"ca\",\"potentialAction\":[{\"@type\":\"ReadAction\",\"target\":[\"https:\\\/\\\/pc2.fpecaixa.info\\\/ca\\\/el-fons\\\/coneix-el-fons\\\/\"]}]},{\"@type\":\"BreadcrumbList\",\"@id\":\"https:\\\/\\\/pc2.fpecaixa.info\\\/ca\\\/el-fons\\\/coneix-el-fons\\\/#breadcrumb\",\"itemListElement\":[{\"@type\":\"ListItem\",\"position\":1,\"name\":\"Inici\",\"item\":\"https:\\\/\\\/pc2.fpecaixa.info\\\/\"},{\"@type\":\"ListItem\",\"position\":2,\"name\":\"El fons\",\"item\":\"https:\\\/\\\/pc2.fpecaixa.info\\\/ca\\\/el-fons\\\/\"},{\"@type\":\"ListItem\",\"position\":3,\"name\":\"Coneix el fons\"}]},{\"@type\":\"WebSite\",\"@id\":\"https:\\\/\\\/pc2.fpecaixa.info\\\/#website\",\"url\":\"https:\\\/\\\/pc2.fpecaixa.info\\\/\",\"name\":\"Plan Colectivo Asociado (PC2)\",\"description\":\"Un altre lloc Plan de Pensiones de Empleados de Caixabank Sites \",\"potentialAction\":[{\"@type\":\"SearchAction\",\"target\":{\"@type\":\"EntryPoint\",\"urlTemplate\":\"https:\\\/\\\/pc2.fpecaixa.info\\\/?s={search_term_string}\"},\"query-input\":{\"@type\":\"PropertyValueSpecification\",\"valueRequired\":true,\"valueName\":\"search_term_string\"}}],\"inLanguage\":\"ca\"}]}<\/script>\n<!-- \/ Yoast SEO plugin. -->","yoast_head_json":{"title":"Coneix el fons - Plan Colectivo Asociado (PC2)","robots":{"index":"index","follow":"follow","max-snippet":"max-snippet:-1","max-image-preview":"max-image-preview:large","max-video-preview":"max-video-preview:-1"},"canonical":"https:\/\/pc2.fpecaixa.info\/ca\/el-fons\/coneix-el-fons\/","og_locale":"ca_ES","og_type":"article","og_title":"Coneix el fons - Plan Colectivo Asociado (PC2)","og_description":"Legalment tot Pla de Pensions ha d\u2019estar adscrit a un Fons de Pensions que integri les seves aportacions. Pot donar-se la circumst\u00e0ncia que un determinat Fons integri les aportacions de diversos Plans de Pensions. En el nostre cas PENSIONS CAIXA 2, F.P. \u00fanicament integra les aportacions que es realitzen en el Pla Col\u00b7lectiu Associat CaixaBank. [&hellip;]","og_url":"https:\/\/pc2.fpecaixa.info\/ca\/el-fons\/coneix-el-fons\/","og_site_name":"Plan Colectivo Asociado (PC2)","article_modified_time":"2023-01-16T13:18:04+00:00","twitter_card":"summary_large_image","twitter_misc":{"Temps estimat de lectura":"3 minuts"},"schema":{"@context":"https:\/\/schema.org","@graph":[{"@type":"WebPage","@id":"https:\/\/pc2.fpecaixa.info\/ca\/el-fons\/coneix-el-fons\/","url":"https:\/\/pc2.fpecaixa.info\/ca\/el-fons\/coneix-el-fons\/","name":"Coneix el fons - Plan Colectivo Asociado (PC2)","isPartOf":{"@id":"https:\/\/pc2.fpecaixa.info\/#website"},"datePublished":"2021-10-20T06:10:31+00:00","dateModified":"2023-01-16T13:18:04+00:00","breadcrumb":{"@id":"https:\/\/pc2.fpecaixa.info\/ca\/el-fons\/coneix-el-fons\/#breadcrumb"},"inLanguage":"ca","potentialAction":[{"@type":"ReadAction","target":["https:\/\/pc2.fpecaixa.info\/ca\/el-fons\/coneix-el-fons\/"]}]},{"@type":"BreadcrumbList","@id":"https:\/\/pc2.fpecaixa.info\/ca\/el-fons\/coneix-el-fons\/#breadcrumb","itemListElement":[{"@type":"ListItem","position":1,"name":"Inici","item":"https:\/\/pc2.fpecaixa.info\/"},{"@type":"ListItem","position":2,"name":"El fons","item":"https:\/\/pc2.fpecaixa.info\/ca\/el-fons\/"},{"@type":"ListItem","position":3,"name":"Coneix el fons"}]},{"@type":"WebSite","@id":"https:\/\/pc2.fpecaixa.info\/#website","url":"https:\/\/pc2.fpecaixa.info\/","name":"Plan Colectivo Asociado (PC2)","description":"Un altre lloc Plan de Pensiones de Empleados de Caixabank Sites ","potentialAction":[{"@type":"SearchAction","target":{"@type":"EntryPoint","urlTemplate":"https:\/\/pc2.fpecaixa.info\/?s={search_term_string}"},"query-input":{"@type":"PropertyValueSpecification","valueRequired":true,"valueName":"search_term_string"}}],"inLanguage":"ca"}]}},"_links":{"self":[{"href":"https:\/\/pc2.fpecaixa.info\/ca\/wp-json\/wp\/v2\/pages\/612","targetHints":{"allow":["GET"]}}],"collection":[{"href":"https:\/\/pc2.fpecaixa.info\/ca\/wp-json\/wp\/v2\/pages"}],"about":[{"href":"https:\/\/pc2.fpecaixa.info\/ca\/wp-json\/wp\/v2\/types\/page"}],"author":[{"embeddable":true,"href":"https:\/\/pc2.fpecaixa.info\/ca\/wp-json\/wp\/v2\/users\/1"}],"replies":[{"embeddable":true,"href":"https:\/\/pc2.fpecaixa.info\/ca\/wp-json\/wp\/v2\/comments?post=612"}],"version-history":[{"count":6,"href":"https:\/\/pc2.fpecaixa.info\/ca\/wp-json\/wp\/v2\/pages\/612\/revisions"}],"predecessor-version":[{"id":1573,"href":"https:\/\/pc2.fpecaixa.info\/ca\/wp-json\/wp\/v2\/pages\/612\/revisions\/1573"}],"up":[{"embeddable":true,"href":"https:\/\/pc2.fpecaixa.info\/ca\/wp-json\/wp\/v2\/pages\/610"}],"wp:attachment":[{"href":"https:\/\/pc2.fpecaixa.info\/ca\/wp-json\/wp\/v2\/media?parent=612"}],"curies":[{"name":"wp","href":"https:\/\/api.w.org\/{rel}","templated":true}]}}