{"id":610,"date":"2021-10-20T08:07:54","date_gmt":"2021-10-20T06:07:54","guid":{"rendered":"http:\/\/pc2.fpecaixa.info\/el-fons\/"},"modified":"2021-11-12T09:38:50","modified_gmt":"2021-11-12T07:38:50","slug":"el-fons","status":"publish","type":"page","link":"https:\/\/pc2.fpecaixa.info\/ca\/el-fons\/","title":{"rendered":"El fons"},"content":{"rendered":"\n<div class=\"wp-block-group home-page fondo\"><div class=\"wp-block-group__inner-container is-layout-flow wp-block-group-is-layout-flow\">\n<div class=\"wp-block-columns partben is-layout-flex wp-container-core-columns-is-layout-9d6595d7 wp-block-columns-is-layout-flex\">\n<div class=\"wp-block-column is-layout-flow wp-block-column-is-layout-flow\">\n<div class=\"wp-block-columns cards-index is-layout-flex wp-container-core-columns-is-layout-9d6595d7 wp-block-columns-is-layout-flex\">\n<div class=\"wp-block-column is-layout-flow wp-block-column-is-layout-flow\">\n<figure class=\"wp-block-image size-full\"><img loading=\"lazy\" decoding=\"async\" width=\"768\" height=\"579\" src=\"http:\/\/pc2.fpecaixa.info\/wp-content\/uploads\/sites\/2\/2021\/11\/elfondoPC2-1.jpg\" alt=\"\" class=\"wp-image-1053\" srcset=\"https:\/\/pc2.fpecaixa.info\/wp-content\/uploads\/sites\/2\/2021\/11\/elfondoPC2-1.jpg 768w, https:\/\/pc2.fpecaixa.info\/wp-content\/uploads\/sites\/2\/2021\/11\/elfondoPC2-1-300x226.jpg 300w\" sizes=\"auto, (max-width: 768px) 100vw, 768px\" \/><\/figure>\n\n\n\n<h4 class=\"has-text-align-center has-black-color has-text-color wp-block-heading\"><strong>Coneix el teu fons<\/strong><\/h4>\n\n\n\n<p>PENSIONS CAIXA 2, FP t\u00e9 com a objectiu \u00faltim obtenir una rendibilitat suficient que permeti al Pla Col\u00b7lectiu Associat CaixaBank complementar tant al Pla d&#8217;Ocupaci\u00f3 de CaixaBank com a les pensions p\u00fabliques .<\/p>\n\n\n\n<div class=\"wp-block-buttons is-layout-flex wp-block-buttons-is-layout-flex\">\n<div class=\"wp-block-button\"><a class=\"wp-block-button__link\" href=\"https:\/\/pc2.fpecaixa.info\/ca\/el-fons\/coneix-el-fons\/\">M\u00e9s info<\/a><\/div>\n<\/div>\n<\/div>\n\n\n\n<div class=\"wp-block-column is-layout-flow wp-block-column-is-layout-flow\">\n<figure class=\"wp-block-image size-full\"><img loading=\"lazy\" decoding=\"async\" width=\"768\" height=\"579\" src=\"http:\/\/pc2.fpecaixa.info\/wp-content\/uploads\/sites\/2\/2021\/11\/sostenibilidad.jpg\" alt=\"\" class=\"wp-image-821\" srcset=\"https:\/\/pc2.fpecaixa.info\/wp-content\/uploads\/sites\/2\/2021\/11\/sostenibilidad.jpg 768w, https:\/\/pc2.fpecaixa.info\/wp-content\/uploads\/sites\/2\/2021\/11\/sostenibilidad-300x226.jpg 300w\" sizes=\"auto, (max-width: 768px) 100vw, 768px\" \/><\/figure>\n\n\n\n<h4 class=\"has-text-align-center has-black-color has-text-color wp-block-heading\"><strong>Sostenibilitat<\/strong><\/h4>\n\n\n\n<p>La incorporaci\u00f3 de la Inversi\u00f3 Socialment Responsable (ISR) en el proc\u00e9s d&#8217;inversi\u00f3 del Fons t\u00e9 com a objectiu principal la sostenibilitat d&#8217;aquest, a m\u00e9s de contribuir en els processos d&#8217;an\u00e0lisis i adopci\u00f3 de decisions en mat\u00e8ria d&#8217;inversions, podent incrementar la relaci\u00f3 rendibilitat\/risc en el llarg termini.<\/p>\n\n\n\n<div class=\"wp-block-buttons is-layout-flex wp-block-buttons-is-layout-flex\">\n<div class=\"wp-block-button\"><a class=\"wp-block-button__link\" href=\"https:\/\/pc2.fpecaixa.info\/ca\/el-fons\/sostenibilidad\/\">M\u00e9s info<\/a><\/div>\n<\/div>\n<\/div>\n\n\n\n<div class=\"wp-block-column is-layout-flow wp-block-column-is-layout-flow\">\n<figure class=\"wp-block-image size-full\"><img loading=\"lazy\" decoding=\"async\" width=\"768\" height=\"579\" src=\"http:\/\/pc2.fpecaixa.info\/wp-content\/uploads\/sites\/2\/2021\/11\/inversiones-2.jpg\" alt=\"\" class=\"wp-image-1060\" srcset=\"https:\/\/pc2.fpecaixa.info\/wp-content\/uploads\/sites\/2\/2021\/11\/inversiones-2.jpg 768w, https:\/\/pc2.fpecaixa.info\/wp-content\/uploads\/sites\/2\/2021\/11\/inversiones-2-300x226.jpg 300w\" sizes=\"auto, (max-width: 768px) 100vw, 768px\" \/><\/figure>\n\n\n\n<h4 class=\"has-text-align-center has-black-color has-text-color wp-block-heading\"><strong>Inversions<\/strong><\/h4>\n\n\n\n<p>L&#8217;objectiu d&#8217;Inversi\u00f3 al qual aspira PENSIONS CAIXA 2, FP es correspon amb l&#8217;obtenci\u00f3 d&#8217;una rendibilitat anual (mesura de forma anualitzada en per\u00edodes de 5 anys) en l\u00ednia amb l&#8217;\u00edndex Euribor 3 mesos + 3,5% amb un nivell de risc associat a l&#8217;entorn del 10% (mesurat a trav\u00e9s de la volatilitat anual).<\/p>\n\n\n\n<div class=\"wp-block-buttons is-layout-flex wp-block-buttons-is-layout-flex\">\n<div class=\"wp-block-button\"><a class=\"wp-block-button__link\" href=\"https:\/\/pc2.fpecaixa.info\/ca\/el-fons\/inversions\/\">M\u00e9s info<\/a><\/div>\n<\/div>\n<\/div>\n<\/div>\n<\/div>\n<\/div>\n<\/div><\/div>\n\n<div class=\"wp-block-columns row-premios fondo is-layout-flex wp-container-core-columns-is-layout-9d6595d7 wp-block-columns-is-layout-flex\">\n<div class=\"wp-block-column is-layout-flow wp-block-column-is-layout-flow\">\n<div class=\"wp-block-image star\"><figure class=\"alignleft size-full\"><img loading=\"lazy\" decoding=\"async\" width=\"118\" height=\"24\" src=\"http:\/\/pc2.fpecaixa.info\/wp-content\/uploads\/sites\/2\/2021\/10\/stars.png\" alt=\"\" class=\"wp-image-295\"\/><\/figure><\/div>\n\n\n\n<div class=\"wp-block-columns is-layout-flex wp-container-core-columns-is-layout-9d6595d7 wp-block-columns-is-layout-flex\">\n<div class=\"wp-block-column is-layout-flow wp-block-column-is-layout-flow\">\n<h4 class=\"has-text-align-left wp-block-heading\" id=\"premios-title\"><a href=\"https:\/\/pc2.fpecaixa.info\/ca\/el-fons\/reconeixements\/\">Reconeixements i Premis<\/a><\/h4>\n<\/div>\n<\/div>\n<\/div>\n<\/div>\n","protected":false},"excerpt":{"rendered":"<p>Coneix el teu fons PENSIONS CAIXA 2, FP t\u00e9 com a objectiu \u00faltim obtenir una rendibilitat suficient que permeti al Pla Col\u00b7lectiu Associat CaixaBank complementar tant al Pla d&#8217;Ocupaci\u00f3 de CaixaBank com a les pensions p\u00fabliques . Sostenibilitat La incorporaci\u00f3 de la Inversi\u00f3 Socialment Responsable (ISR) en el proc\u00e9s d&#8217;inversi\u00f3 del Fons t\u00e9 com a [&hellip;]<\/p>\n","protected":false},"author":1,"featured_media":0,"parent":0,"menu_order":0,"comment_status":"closed","ping_status":"closed","template":"","meta":{"_acf_changed":false,"footnotes":""},"class_list":["post-610","page","type-page","status-publish","hentry"],"acf":[],"yoast_head":"<!-- This site is optimized with the Yoast SEO plugin v27.3 - https:\/\/yoast.com\/product\/yoast-seo-wordpress\/ -->\n<title>El fons - Plan Colectivo Asociado (PC2)<\/title>\n<meta name=\"robots\" content=\"index, follow, max-snippet:-1, max-image-preview:large, max-video-preview:-1\" \/>\n<link rel=\"canonical\" href=\"https:\/\/pc2.fpecaixa.info\/ca\/el-fons\/\" \/>\n<meta property=\"og:locale\" content=\"ca_ES\" \/>\n<meta property=\"og:type\" content=\"article\" \/>\n<meta property=\"og:title\" content=\"El fons - Plan Colectivo Asociado (PC2)\" \/>\n<meta property=\"og:description\" content=\"Coneix el teu fons PENSIONS CAIXA 2, FP t\u00e9 com a objectiu \u00faltim obtenir una rendibilitat suficient que permeti al Pla Col\u00b7lectiu Associat CaixaBank complementar tant al Pla d&#8217;Ocupaci\u00f3 de CaixaBank com a les pensions p\u00fabliques . Sostenibilitat La incorporaci\u00f3 de la Inversi\u00f3 Socialment Responsable (ISR) en el proc\u00e9s d&#8217;inversi\u00f3 del Fons t\u00e9 com a [&hellip;]\" \/>\n<meta property=\"og:url\" content=\"https:\/\/pc2.fpecaixa.info\/ca\/el-fons\/\" \/>\n<meta property=\"og:site_name\" content=\"Plan Colectivo Asociado (PC2)\" \/>\n<meta property=\"article:modified_time\" content=\"2021-11-12T07:38:50+00:00\" \/>\n<meta property=\"og:image\" content=\"http:\/\/pc2.fpecaixa.info\/wp-content\/uploads\/sites\/2\/2021\/11\/elfondoPC2-1.jpg\" \/>\n<meta name=\"twitter:card\" content=\"summary_large_image\" \/>\n<meta name=\"twitter:label1\" content=\"Temps estimat de lectura\" \/>\n\t<meta name=\"twitter:data1\" content=\"1 minut\" \/>\n<script type=\"application\/ld+json\" class=\"yoast-schema-graph\">{\"@context\":\"https:\\\/\\\/schema.org\",\"@graph\":[{\"@type\":\"WebPage\",\"@id\":\"https:\\\/\\\/pc2.fpecaixa.info\\\/ca\\\/el-fons\\\/\",\"url\":\"https:\\\/\\\/pc2.fpecaixa.info\\\/ca\\\/el-fons\\\/\",\"name\":\"El fons - Plan Colectivo Asociado (PC2)\",\"isPartOf\":{\"@id\":\"https:\\\/\\\/pc2.fpecaixa.info\\\/#website\"},\"primaryImageOfPage\":{\"@id\":\"https:\\\/\\\/pc2.fpecaixa.info\\\/ca\\\/el-fons\\\/#primaryimage\"},\"image\":{\"@id\":\"https:\\\/\\\/pc2.fpecaixa.info\\\/ca\\\/el-fons\\\/#primaryimage\"},\"thumbnailUrl\":\"http:\\\/\\\/pc2.fpecaixa.info\\\/wp-content\\\/uploads\\\/sites\\\/2\\\/2021\\\/11\\\/elfondoPC2-1.jpg\",\"datePublished\":\"2021-10-20T06:07:54+00:00\",\"dateModified\":\"2021-11-12T07:38:50+00:00\",\"breadcrumb\":{\"@id\":\"https:\\\/\\\/pc2.fpecaixa.info\\\/ca\\\/el-fons\\\/#breadcrumb\"},\"inLanguage\":\"ca\",\"potentialAction\":[{\"@type\":\"ReadAction\",\"target\":[\"https:\\\/\\\/pc2.fpecaixa.info\\\/ca\\\/el-fons\\\/\"]}]},{\"@type\":\"ImageObject\",\"inLanguage\":\"ca\",\"@id\":\"https:\\\/\\\/pc2.fpecaixa.info\\\/ca\\\/el-fons\\\/#primaryimage\",\"url\":\"http:\\\/\\\/pc2.fpecaixa.info\\\/wp-content\\\/uploads\\\/sites\\\/2\\\/2021\\\/11\\\/elfondoPC2-1.jpg\",\"contentUrl\":\"http:\\\/\\\/pc2.fpecaixa.info\\\/wp-content\\\/uploads\\\/sites\\\/2\\\/2021\\\/11\\\/elfondoPC2-1.jpg\"},{\"@type\":\"BreadcrumbList\",\"@id\":\"https:\\\/\\\/pc2.fpecaixa.info\\\/ca\\\/el-fons\\\/#breadcrumb\",\"itemListElement\":[{\"@type\":\"ListItem\",\"position\":1,\"name\":\"Inici\",\"item\":\"https:\\\/\\\/pc2.fpecaixa.info\\\/\"},{\"@type\":\"ListItem\",\"position\":2,\"name\":\"El fons\"}]},{\"@type\":\"WebSite\",\"@id\":\"https:\\\/\\\/pc2.fpecaixa.info\\\/#website\",\"url\":\"https:\\\/\\\/pc2.fpecaixa.info\\\/\",\"name\":\"Plan Colectivo Asociado (PC2)\",\"description\":\"Un altre lloc Plan de Pensiones de Empleados de Caixabank Sites \",\"potentialAction\":[{\"@type\":\"SearchAction\",\"target\":{\"@type\":\"EntryPoint\",\"urlTemplate\":\"https:\\\/\\\/pc2.fpecaixa.info\\\/?s={search_term_string}\"},\"query-input\":{\"@type\":\"PropertyValueSpecification\",\"valueRequired\":true,\"valueName\":\"search_term_string\"}}],\"inLanguage\":\"ca\"}]}<\/script>\n<!-- \/ Yoast SEO plugin. -->","yoast_head_json":{"title":"El fons - Plan Colectivo Asociado (PC2)","robots":{"index":"index","follow":"follow","max-snippet":"max-snippet:-1","max-image-preview":"max-image-preview:large","max-video-preview":"max-video-preview:-1"},"canonical":"https:\/\/pc2.fpecaixa.info\/ca\/el-fons\/","og_locale":"ca_ES","og_type":"article","og_title":"El fons - Plan Colectivo Asociado (PC2)","og_description":"Coneix el teu fons PENSIONS CAIXA 2, FP t\u00e9 com a objectiu \u00faltim obtenir una rendibilitat suficient que permeti al Pla Col\u00b7lectiu Associat CaixaBank complementar tant al Pla d&#8217;Ocupaci\u00f3 de CaixaBank com a les pensions p\u00fabliques . Sostenibilitat La incorporaci\u00f3 de la Inversi\u00f3 Socialment Responsable (ISR) en el proc\u00e9s d&#8217;inversi\u00f3 del Fons t\u00e9 com a [&hellip;]","og_url":"https:\/\/pc2.fpecaixa.info\/ca\/el-fons\/","og_site_name":"Plan Colectivo Asociado (PC2)","article_modified_time":"2021-11-12T07:38:50+00:00","og_image":[{"url":"http:\/\/pc2.fpecaixa.info\/wp-content\/uploads\/sites\/2\/2021\/11\/elfondoPC2-1.jpg","type":"","width":"","height":""}],"twitter_card":"summary_large_image","twitter_misc":{"Temps estimat de lectura":"1 minut"},"schema":{"@context":"https:\/\/schema.org","@graph":[{"@type":"WebPage","@id":"https:\/\/pc2.fpecaixa.info\/ca\/el-fons\/","url":"https:\/\/pc2.fpecaixa.info\/ca\/el-fons\/","name":"El fons - Plan Colectivo Asociado (PC2)","isPartOf":{"@id":"https:\/\/pc2.fpecaixa.info\/#website"},"primaryImageOfPage":{"@id":"https:\/\/pc2.fpecaixa.info\/ca\/el-fons\/#primaryimage"},"image":{"@id":"https:\/\/pc2.fpecaixa.info\/ca\/el-fons\/#primaryimage"},"thumbnailUrl":"http:\/\/pc2.fpecaixa.info\/wp-content\/uploads\/sites\/2\/2021\/11\/elfondoPC2-1.jpg","datePublished":"2021-10-20T06:07:54+00:00","dateModified":"2021-11-12T07:38:50+00:00","breadcrumb":{"@id":"https:\/\/pc2.fpecaixa.info\/ca\/el-fons\/#breadcrumb"},"inLanguage":"ca","potentialAction":[{"@type":"ReadAction","target":["https:\/\/pc2.fpecaixa.info\/ca\/el-fons\/"]}]},{"@type":"ImageObject","inLanguage":"ca","@id":"https:\/\/pc2.fpecaixa.info\/ca\/el-fons\/#primaryimage","url":"http:\/\/pc2.fpecaixa.info\/wp-content\/uploads\/sites\/2\/2021\/11\/elfondoPC2-1.jpg","contentUrl":"http:\/\/pc2.fpecaixa.info\/wp-content\/uploads\/sites\/2\/2021\/11\/elfondoPC2-1.jpg"},{"@type":"BreadcrumbList","@id":"https:\/\/pc2.fpecaixa.info\/ca\/el-fons\/#breadcrumb","itemListElement":[{"@type":"ListItem","position":1,"name":"Inici","item":"https:\/\/pc2.fpecaixa.info\/"},{"@type":"ListItem","position":2,"name":"El fons"}]},{"@type":"WebSite","@id":"https:\/\/pc2.fpecaixa.info\/#website","url":"https:\/\/pc2.fpecaixa.info\/","name":"Plan Colectivo Asociado (PC2)","description":"Un altre lloc Plan de Pensiones de Empleados de Caixabank Sites ","potentialAction":[{"@type":"SearchAction","target":{"@type":"EntryPoint","urlTemplate":"https:\/\/pc2.fpecaixa.info\/?s={search_term_string}"},"query-input":{"@type":"PropertyValueSpecification","valueRequired":true,"valueName":"search_term_string"}}],"inLanguage":"ca"}]}},"_links":{"self":[{"href":"https:\/\/pc2.fpecaixa.info\/ca\/wp-json\/wp\/v2\/pages\/610","targetHints":{"allow":["GET"]}}],"collection":[{"href":"https:\/\/pc2.fpecaixa.info\/ca\/wp-json\/wp\/v2\/pages"}],"about":[{"href":"https:\/\/pc2.fpecaixa.info\/ca\/wp-json\/wp\/v2\/types\/page"}],"author":[{"embeddable":true,"href":"https:\/\/pc2.fpecaixa.info\/ca\/wp-json\/wp\/v2\/users\/1"}],"replies":[{"embeddable":true,"href":"https:\/\/pc2.fpecaixa.info\/ca\/wp-json\/wp\/v2\/comments?post=610"}],"version-history":[{"count":9,"href":"https:\/\/pc2.fpecaixa.info\/ca\/wp-json\/wp\/v2\/pages\/610\/revisions"}],"predecessor-version":[{"id":1177,"href":"https:\/\/pc2.fpecaixa.info\/ca\/wp-json\/wp\/v2\/pages\/610\/revisions\/1177"}],"wp:attachment":[{"href":"https:\/\/pc2.fpecaixa.info\/ca\/wp-json\/wp\/v2\/media?parent=610"}],"curies":[{"name":"wp","href":"https:\/\/api.w.org\/{rel}","templated":true}]}}