{"id":609,"date":"2021-10-22T10:42:46","date_gmt":"2021-10-22T08:42:46","guid":{"rendered":"http:\/\/pc2.fpecaixa.info\/com-contractar-el-pla\/"},"modified":"2022-04-22T09:55:54","modified_gmt":"2022-04-22T07:55:54","slug":"contractar-pla","status":"publish","type":"page","link":"https:\/\/pc2.fpecaixa.info\/ca\/contractar-pla\/","title":{"rendered":"Com contractar el pla"},"content":{"rendered":"\n<p>El Pla Col\u00b7lectiu Associat CaixaBank \u00e9s d&#8217;adhesi\u00f3 i aportaci\u00f3 volunt\u00e0ria.<\/p>\n\n<p>Nom\u00e9s es pot contractar des d&#8217;oficina a trav\u00e9s del Terminal Financer com qualsevol altre pla individual<strong>.<\/strong><\/p>\n\n<p>Les aportacions o traspassos des d&#8217;altres plans individuals s\u00f3n totalment voluntaris i es poden realitzar a trav\u00e9s del Terminal Financer en oficina o a trav\u00e9s de CaixaBank Now. Davant qualsevol dubte o incid\u00e8ncia en la contractaci\u00f3 o gesti\u00f3 del Pla pots dirigir-te\u2026<\/p>\n\n<div style=\"height:25px\" aria-hidden=\"true\" class=\"wp-block-spacer\"><\/div>\n\n<div class=\"wp-block-buttons is-layout-flex wp-block-buttons-is-layout-flex\">\n<div class=\"wp-block-button\"><a class=\"wp-block-button__link\" href=\"https:\/\/pc2.fpecaixa.info\/ca\/contacta\/\">Formulari de contacte<\/a><\/div>\n<\/div>\n\n<p><\/p>\n","protected":false},"excerpt":{"rendered":"<p>El Pla Col\u00b7lectiu Associat CaixaBank \u00e9s d&#8217;adhesi\u00f3 i aportaci\u00f3 volunt\u00e0ria. Nom\u00e9s es pot contractar des d&#8217;oficina a trav\u00e9s del Terminal Financer com qualsevol altre pla individual. Les aportacions o traspassos des d&#8217;altres plans individuals s\u00f3n totalment voluntaris i es poden realitzar a trav\u00e9s del Terminal Financer en oficina o a trav\u00e9s de CaixaBank Now. Davant [&hellip;]<\/p>\n","protected":false},"author":1,"featured_media":0,"parent":0,"menu_order":0,"comment_status":"closed","ping_status":"closed","template":"","meta":{"_acf_changed":false,"footnotes":""},"class_list":["post-609","page","type-page","status-publish","hentry"],"acf":[],"yoast_head":"<!-- This site is optimized with the Yoast SEO plugin v27.4 - https:\/\/yoast.com\/product\/yoast-seo-wordpress\/ -->\n<title>Com contractar el pla - Plan Colectivo Asociado (PC2)<\/title>\n<meta name=\"robots\" content=\"index, follow, max-snippet:-1, max-image-preview:large, max-video-preview:-1\" \/>\n<link rel=\"canonical\" href=\"https:\/\/pc2.fpecaixa.info\/ca\/contractar-pla\/\" \/>\n<meta property=\"og:locale\" content=\"ca_ES\" \/>\n<meta property=\"og:type\" content=\"article\" \/>\n<meta property=\"og:title\" content=\"Com contractar el pla - Plan Colectivo Asociado (PC2)\" \/>\n<meta property=\"og:description\" content=\"El Pla Col\u00b7lectiu Associat CaixaBank \u00e9s d&#8217;adhesi\u00f3 i aportaci\u00f3 volunt\u00e0ria. Nom\u00e9s es pot contractar des d&#8217;oficina a trav\u00e9s del Terminal Financer com qualsevol altre pla individual. Les aportacions o traspassos des d&#8217;altres plans individuals s\u00f3n totalment voluntaris i es poden realitzar a trav\u00e9s del Terminal Financer en oficina o a trav\u00e9s de CaixaBank Now. Davant [&hellip;]\" \/>\n<meta property=\"og:url\" content=\"https:\/\/pc2.fpecaixa.info\/ca\/contractar-pla\/\" \/>\n<meta property=\"og:site_name\" content=\"Plan Colectivo Asociado (PC2)\" \/>\n<meta property=\"article:modified_time\" content=\"2022-04-22T07:55:54+00:00\" \/>\n<meta name=\"twitter:card\" content=\"summary_large_image\" \/>\n<script type=\"application\/ld+json\" class=\"yoast-schema-graph\">{\"@context\":\"https:\\\/\\\/schema.org\",\"@graph\":[{\"@type\":\"WebPage\",\"@id\":\"https:\\\/\\\/pc2.fpecaixa.info\\\/ca\\\/contractar-pla\\\/\",\"url\":\"https:\\\/\\\/pc2.fpecaixa.info\\\/ca\\\/contractar-pla\\\/\",\"name\":\"Com contractar el pla - Plan Colectivo Asociado (PC2)\",\"isPartOf\":{\"@id\":\"https:\\\/\\\/pc2.fpecaixa.info\\\/#website\"},\"datePublished\":\"2021-10-22T08:42:46+00:00\",\"dateModified\":\"2022-04-22T07:55:54+00:00\",\"breadcrumb\":{\"@id\":\"https:\\\/\\\/pc2.fpecaixa.info\\\/ca\\\/contractar-pla\\\/#breadcrumb\"},\"inLanguage\":\"ca\",\"potentialAction\":[{\"@type\":\"ReadAction\",\"target\":[\"https:\\\/\\\/pc2.fpecaixa.info\\\/ca\\\/contractar-pla\\\/\"]}]},{\"@type\":\"BreadcrumbList\",\"@id\":\"https:\\\/\\\/pc2.fpecaixa.info\\\/ca\\\/contractar-pla\\\/#breadcrumb\",\"itemListElement\":[{\"@type\":\"ListItem\",\"position\":1,\"name\":\"Inici\",\"item\":\"https:\\\/\\\/pc2.fpecaixa.info\\\/\"},{\"@type\":\"ListItem\",\"position\":2,\"name\":\"Com contractar el pla\"}]},{\"@type\":\"WebSite\",\"@id\":\"https:\\\/\\\/pc2.fpecaixa.info\\\/#website\",\"url\":\"https:\\\/\\\/pc2.fpecaixa.info\\\/\",\"name\":\"Plan Colectivo Asociado (PC2)\",\"description\":\"Un altre lloc Plan de Pensiones de Empleados de Caixabank Sites \",\"potentialAction\":[{\"@type\":\"SearchAction\",\"target\":{\"@type\":\"EntryPoint\",\"urlTemplate\":\"https:\\\/\\\/pc2.fpecaixa.info\\\/?s={search_term_string}\"},\"query-input\":{\"@type\":\"PropertyValueSpecification\",\"valueRequired\":true,\"valueName\":\"search_term_string\"}}],\"inLanguage\":\"ca\"}]}<\/script>\n<!-- \/ Yoast SEO plugin. -->","yoast_head_json":{"title":"Com contractar el pla - Plan Colectivo Asociado (PC2)","robots":{"index":"index","follow":"follow","max-snippet":"max-snippet:-1","max-image-preview":"max-image-preview:large","max-video-preview":"max-video-preview:-1"},"canonical":"https:\/\/pc2.fpecaixa.info\/ca\/contractar-pla\/","og_locale":"ca_ES","og_type":"article","og_title":"Com contractar el pla - Plan Colectivo Asociado (PC2)","og_description":"El Pla Col\u00b7lectiu Associat CaixaBank \u00e9s d&#8217;adhesi\u00f3 i aportaci\u00f3 volunt\u00e0ria. Nom\u00e9s es pot contractar des d&#8217;oficina a trav\u00e9s del Terminal Financer com qualsevol altre pla individual. Les aportacions o traspassos des d&#8217;altres plans individuals s\u00f3n totalment voluntaris i es poden realitzar a trav\u00e9s del Terminal Financer en oficina o a trav\u00e9s de CaixaBank Now. Davant [&hellip;]","og_url":"https:\/\/pc2.fpecaixa.info\/ca\/contractar-pla\/","og_site_name":"Plan Colectivo Asociado (PC2)","article_modified_time":"2022-04-22T07:55:54+00:00","twitter_card":"summary_large_image","schema":{"@context":"https:\/\/schema.org","@graph":[{"@type":"WebPage","@id":"https:\/\/pc2.fpecaixa.info\/ca\/contractar-pla\/","url":"https:\/\/pc2.fpecaixa.info\/ca\/contractar-pla\/","name":"Com contractar el pla - Plan Colectivo Asociado (PC2)","isPartOf":{"@id":"https:\/\/pc2.fpecaixa.info\/#website"},"datePublished":"2021-10-22T08:42:46+00:00","dateModified":"2022-04-22T07:55:54+00:00","breadcrumb":{"@id":"https:\/\/pc2.fpecaixa.info\/ca\/contractar-pla\/#breadcrumb"},"inLanguage":"ca","potentialAction":[{"@type":"ReadAction","target":["https:\/\/pc2.fpecaixa.info\/ca\/contractar-pla\/"]}]},{"@type":"BreadcrumbList","@id":"https:\/\/pc2.fpecaixa.info\/ca\/contractar-pla\/#breadcrumb","itemListElement":[{"@type":"ListItem","position":1,"name":"Inici","item":"https:\/\/pc2.fpecaixa.info\/"},{"@type":"ListItem","position":2,"name":"Com contractar el pla"}]},{"@type":"WebSite","@id":"https:\/\/pc2.fpecaixa.info\/#website","url":"https:\/\/pc2.fpecaixa.info\/","name":"Plan Colectivo Asociado (PC2)","description":"Un altre lloc Plan de Pensiones de Empleados de Caixabank Sites ","potentialAction":[{"@type":"SearchAction","target":{"@type":"EntryPoint","urlTemplate":"https:\/\/pc2.fpecaixa.info\/?s={search_term_string}"},"query-input":{"@type":"PropertyValueSpecification","valueRequired":true,"valueName":"search_term_string"}}],"inLanguage":"ca"}]}},"_links":{"self":[{"href":"https:\/\/pc2.fpecaixa.info\/ca\/wp-json\/wp\/v2\/pages\/609","targetHints":{"allow":["GET"]}}],"collection":[{"href":"https:\/\/pc2.fpecaixa.info\/ca\/wp-json\/wp\/v2\/pages"}],"about":[{"href":"https:\/\/pc2.fpecaixa.info\/ca\/wp-json\/wp\/v2\/types\/page"}],"author":[{"embeddable":true,"href":"https:\/\/pc2.fpecaixa.info\/ca\/wp-json\/wp\/v2\/users\/1"}],"replies":[{"embeddable":true,"href":"https:\/\/pc2.fpecaixa.info\/ca\/wp-json\/wp\/v2\/comments?post=609"}],"version-history":[{"count":15,"href":"https:\/\/pc2.fpecaixa.info\/ca\/wp-json\/wp\/v2\/pages\/609\/revisions"}],"predecessor-version":[{"id":1426,"href":"https:\/\/pc2.fpecaixa.info\/ca\/wp-json\/wp\/v2\/pages\/609\/revisions\/1426"}],"wp:attachment":[{"href":"https:\/\/pc2.fpecaixa.info\/ca\/wp-json\/wp\/v2\/media?parent=609"}],"curies":[{"name":"wp","href":"https:\/\/api.w.org\/{rel}","templated":true}]}}