{"id":607,"date":"2021-10-20T08:46:47","date_gmt":"2021-10-20T06:46:47","guid":{"rendered":"http:\/\/pc2.fpecaixa.info\/avis-legal\/"},"modified":"2021-11-12T09:35:56","modified_gmt":"2021-11-12T07:35:56","slug":"avis-legal","status":"publish","type":"page","link":"https:\/\/pc2.fpecaixa.info\/ca\/avis-legal\/","title":{"rendered":"Av\u00eds Legal"},"content":{"rendered":"\n<div class=\"wp-block-columns is-layout-flex wp-container-core-columns-is-layout-9d6595d7 wp-block-columns-is-layout-flex\">\n<div class=\"wp-block-column is-layout-flow wp-block-column-is-layout-flow\">\n<h2 class=\"wp-block-heading\">DADES D&#8217;INFORMACI\u00d3 GENERAL<\/h2>\n\n\n\n<p>Pensions Caixa 2, Fons de Pensions, amb domicili en Passeig de Recoletos 37, 28007 Madrid (Espanya), CIF V59044008, inscrit en el Registre Mercantil de Madrid, tom 37079, Foli 119, Inscripci\u00f3 2a, Fulla M-662010. Inscrit en el Registre de la Direcci\u00f3 General d&#8217;Assegurances i Fons de Pensions amb el n\u00famero F-0145<\/p>\n\n\n\n<p>CecaBank, amb domicili en c\/Alcal\u00e1, 27, 28014 Madrid (Espanya), CIF A-86436011, inscrita en el Registre Mercantil de Madrid, tom 30405, llibre O, foli 57, secci\u00f3 8, fulla M-547250, inscripci\u00f3 1a. Entitat diposit\u00e0ria del Fons de Pensions \u201cPensions Caixa 30, Fons de Pensions\u201d en el qual es troba integrat el \u201cPla de Pensions d&#8217;Ocupaci\u00f3 de CaixaBank S.A.\u201c. Inscrita en el Registre de Bancs i Banquers del Banc d&#8217;Espanya amb el n\u00famero 2000.<\/p>\n\n\n\n<p>VidaCaixa, S.A.O. d&#8217;Assegurances i Reassegurances, amb domicili en Passeig de la Castellana 51, 28004 Madrid (Espanya), CIF A-58333261, inscrita en el Registre Mercantil de Barcelona, tom 8402, llibre 7653, secci\u00f3 2a, foli 128, fulla 97107. Entitat autoritzada per a la pr\u00e0ctica d&#8217;operacions d&#8217;assegurances en diferents rams, i Entitat Gestora de Fons de Pensions, i en particular del \u201cPensions Caixa 30, Fons de Pensions\u201d en el qual es troba integrat el \u201cPla de Pensions d&#8217;Ocupaci\u00f3 de CaixaBank S.A.\u201c, i Soci Protector-Promotor d&#8217;entitats de previsi\u00f3 social volunt\u00e0ria. Inscrita en el registre administratiu d&#8217;entitats asseguradores de la Direcci\u00f3 General d&#8217;Assegurances i Fons de Pensions amb el n\u00famero C-0611, i com a entitat gestora de fons de pensions amb el n\u00famero G-0021.<\/p>\n\n\n\n<p> <br\/>VidaCaixa Previsi\u00f3 Social, \u00e9s una marca registrada de la Fundaci\u00f3 Caixa d\u2019Estalvis i Pensions de Barcelona, \u201dla Caixa\u201d, n\u00famero 2615062, classe 36, l\u2019\u00fas de la qual est\u00e0 cedit a VidaCaixa S.A.O. d\u2019Assegurances i Reassegurances. Designa la divisi\u00f3 de VidaCaixa especialitzada en el disseny i la comercialitzaci\u00f3 de productes i serveis relacionats amb la previsi\u00f3 social empresarial, i actua com a patrocinadora de la web del \u201cPla de Pensions d\u2019Ocupaci\u00f3 de CaixaBank S.A.\u201c, limitant-se les seves funcions a facilitar el domini d\u2019aquesta web i a assumir els seus costos de funcionament. El contingut de la web \u00e9s responsabilitat del \u201cPla de Pensions d\u2019Ocupaci\u00f3 de CaixaBank S.A.\u201c, representat per la Comissi\u00f3 de Control d\u2019aquest.<\/p>\n<\/div>\n<\/div>\n\n<div class=\"wp-block-columns is-layout-flex wp-container-core-columns-is-layout-9d6595d7 wp-block-columns-is-layout-flex\">\n<div class=\"wp-block-column is-layout-flow wp-block-column-is-layout-flow\">\n<h2 class=\"wp-block-heading\">CONDICIONS GENERALS D&#8217;ACC\u00c9S I \u00daS<\/h2>\n\n\n\n<h3 class=\"wp-block-heading\">Acc\u00e9s i utilitzaci\u00f3 del lloc web<\/h3>\n\n\n\n<h4 class=\"wp-block-heading\">Acc\u00e9s al lloc web<\/h4>\n\n\n\n<p>Les presents Condicions Generals d&#8217;acc\u00e9s i \u00fas regulen l&#8217;acc\u00e9s i utilitzaci\u00f3 del lloc web de el \u201cPla de Pensions d&#8217;Ocupaci\u00f3 de CaixaBank S.A.\u201c (d&#8217;ara endavant, el Pla de Pensions), i t\u00e9 per objecte facilitar als usuaris informaci\u00f3 relativa al Pla de pensions.<\/p>\n\n\n\n<p>L&#8217;acc\u00e9s al lloc web comporta l&#8217;acceptaci\u00f3 de les presents Condicions Generals d&#8217;acc\u00e9s i \u00fas, per la qual cosa li preguem que les llegeixi atentament abans de fer \u00fas d&#8217;aquest. Si no accepta les presents condicions, li preguem que s&#8217;abstingui d&#8217;utilitzar el lloc web i el seu contingut.<\/p>\n\n\n\n<p>Aix\u00ed mateix, el Pla de Pensions posa en coneixement dels usuaris d&#8217;aquest lloc web que aquestes Condicions Generals d&#8217;acc\u00e9s i \u00fas podran ser adaptades o modificades en qualsevol moment sense notificaci\u00f3 pr\u00e8via. En conseq\u00fc\u00e8ncia, l&#8217;usuari haur\u00e0 de llegir i acceptar les presents Condicions Generals d&#8217;acc\u00e9s i \u00fas en cadascuna de les ocasions en qu\u00e8 desitgi utilitzar el lloc web.<\/p>\n\n\n\n<h4 class=\"wp-block-heading\">Utilitzaci\u00f3 del Lloc web<\/h4>\n\n\n\n<p>L&#8217;usuari declara ser major d&#8217;edat i disposar de la capacitat jur\u00eddica suficient per a vincular-se per les presents Condicions Generals d&#8217;acc\u00e9s i \u00fas, i es compromet a fer un \u00fas diligent del lloc web, aix\u00ed com de la informaci\u00f3 continguda en aquest, amb total subjecci\u00f3 a la normativa que sigui aplicable.<\/p>\n\n\n\n<h3 class=\"wp-block-heading\">Responsabilitat del Pla respecte a la informaci\u00f3 continguda en el lloc web<\/h3>\n\n\n\n<h4 class=\"wp-block-heading\">Funcionament del lloc web<\/h4>\n\n\n\n<p>El Pla de Pensions, representat per la Comissi\u00f3 de Control, fa els seus millors esfor\u00e7os per a mantenir el lloc web en bon funcionament, evitant errors o, en el seu cas, reparant-los, i mantenint els continguts del lloc web degudament actualitzats. No obstant aix\u00f2, el Pla de Pensions no garanteix la disponibilitat i continu\u00eftat en l&#8217;acc\u00e9s al lloc web ni la inexist\u00e8ncia d&#8217;errors en els seus continguts, aix\u00ed com tampoc que aquests \u00faltims siguin oportunament actualitzats. L&#8217;usuari accepta l&#8217;anterior i es compromet a desplegar la m\u00e0xima dilig\u00e8ncia i prud\u00e8ncia quan accedeixi i gaudi de la navegaci\u00f3 a trav\u00e9s del lloc web.<\/p>\n\n\n\n<h4 class=\"wp-block-heading\"> Modificacions en la informaci\u00f3 del lloc web<\/h4>\n\n\n\n<p>La Comissi\u00f3 de Control del Pla de Pensions es reserva la facultat d&#8217;efectuar, en qualsevol moment i sense necessitat de previ av\u00eds, modificacions, supressions o actualitzacions sobre la informaci\u00f3 continguda en el lloc web, la seva configuraci\u00f3 o presentaci\u00f3.<\/p>\n\n\n\n<h4 class=\"wp-block-heading\">\u00das de la informaci\u00f3 continguda en el lloc web<\/h4>\n\n\n\n<p>Tant l&#8217;acc\u00e9s al lloc web com l&#8217;\u00fas que pugui fer-se de qualsevol informaci\u00f3 continguda en aquest, es realitza sota la responsabilitat exclusiva de l&#8217;usuari. En conseq\u00fc\u00e8ncia, el Pla de Pensions no es responsabilitza de qualssevol danys o perjudicis que poguessin derivar-se, directament o indirectament, de l&#8217;acc\u00e9s o \u00fas de la informaci\u00f3 continguda en el lloc web.<\/p>\n\n\n\n<p>Aix\u00ed mateix, el Pla de Pensions, representat per la Comissi\u00f3 de Control, manifesta que la informaci\u00f3 gratu\u00efta subministrada a l&#8217;usuari com a resultat de les consultes espec\u00edfiques, simulacions o c\u00e0lculs de pressupostos t\u00e9 car\u00e0cter merament indicatiu, per la qual cosa no assumeix responsabilitat alguna derivada de qualssevol danys o perjudicis que poguessin derivar-se, directament o indirectament, de la utilitzaci\u00f3 per part de l&#8217;usuari d&#8217;aquesta informaci\u00f3 subministrada. En particular, deixa expressa const\u00e0ncia que aquesta informaci\u00f3 no constitueix una opini\u00f3 t\u00e8cnica emesa tenint en compte totes les dades rellevants requerits.<\/p>\n\n\n\n<p>Addicionalment, no es fa responsable de cap mal o perjudici en el programari o maquinari de l&#8217;usuari derivat de l&#8217;acc\u00e9s al lloc web.<\/p>\n\n\n\n<h3 class=\"wp-block-heading\">Responsabilitat de l&#8217;usuari<\/h3>\n\n\n\n<p>L&#8217;usuari \u00e9s conscient, i accepta volunt\u00e0riament, que l&#8217;\u00fas del lloc web t\u00e9 lloc, en tot cas, sota la seva \u00fanica i exclusiva responsabilitat.<\/p>\n\n\n\n<p>L&#8217;usuari respondr\u00e0 dels danys i perjudicis de tota naturalesa que el Pla de Pensions i la seva Comissi\u00f3 de Control puguin sofrir a conseq\u00fc\u00e8ncia de l&#8217;incompliment de qualssevol de les obligacions a les quals queda sotm\u00e8s en virtut de les presents Condicions Generals d&#8217;acc\u00e9s i \u00fas o de la legislaci\u00f3 aplicable en relaci\u00f3 amb la utilitzaci\u00f3 del lloc web.<\/p>\n\n\n\n<h3 class=\"wp-block-heading\">Pol\u00edtica en mat\u00e8ria d&#8217;enlla\u00e7os d&#8217;hipertext (links)<\/h3>\n\n\n\n<p>El Pla de Pensions no assumeix responsabilitat alguna derivada de la connexi\u00f3 o dels continguts dels enlla\u00e7os hipertextuals a tercers llocs web, ni la seva exist\u00e8ncia implica que avalin, promocionin, garanteixin o recomanin els llocs web enlla\u00e7ats.<\/p>\n\n\n\n<p>Aix\u00ed mateix, aquells tercers que tinguin intenci\u00f3 d&#8217;incloure en un lloc web un enlla\u00e7 hipertextual que dirigeixi al lloc web hauran d&#8217;obtenir necess\u00e0riament el consentiment previ, expr\u00e9s i per escrit del Pla de Pensions.<\/p>\n\n\n\n<h3 class=\"wp-block-heading\">Pol\u00edtica de privacitat i de comunicacions comercials<\/h3>\n\n\n\n<p>En el cas que durant la seva navegaci\u00f3, realitzaci\u00f3 de consultes, sol\u00b7licituds o simulacions a trav\u00e9s del lloc web, l&#8217;usuari ens proporcioni dades que tinguin la consideraci\u00f3 de dades de car\u00e0cter personal, ser\u00e0 aplicable el que es preveu en la Pol\u00edtica de privacitat i de comunicacions comercials.<\/p>\n\n\n\n<h3 class=\"wp-block-heading\">Utilitzaci\u00f3 de cookies<\/h3>\n\n\n\n<p>La p\u00e0gina d&#8217;entrada al lloc web t\u00e9 instal\u00b7lades aplicacions de seguiment (cookies) que permeten al nostre sistema recordar l&#8217;idioma triat per l&#8217;usuari en la seva primera sessi\u00f3. D&#8217;aquesta manera s&#8217;evita la selecci\u00f3 de l&#8217;idioma en les successives visites al lloc web. Aquestes cookies no s\u00f3n invasives ni nocives i l&#8217;\u00fanica funci\u00f3 que realitzen \u00e9s la d&#8217;informar el sistema de l&#8217;idioma anteriorment triat per l&#8217;usuari. Si l&#8217;usuari ho desitja, pot denegar tota cookie des de l&#8217;opci\u00f3 del corresponent men\u00fa del seu propi navegador. Per a canviar l&#8217;idioma de la cookie tan sols ha d&#8217;eliminar-la i tornar a triar l&#8217;idioma desitjat en entrar en el lloc web.<\/p>\n\n\n\n<h3 class=\"wp-block-heading\">Propietat industrial i intel\u00b7lectual<\/h3>\n\n\n\n<ul class=\"wp-block-list\"><li>Tots els continguts del lloc web (incloent, sense car\u00e0cter limitatiu, bases de dades, imatges, fotografies, patents, models d&#8217;utilitat i industrials, dibuixos, gr\u00e0fics, arxius de text, \u00e0udio, v\u00eddeo i programari) s\u00f3n propietat del Pla de Pensions, o dels prove\u00efdors de continguts \u2013havent estat, en aquest \u00faltim cas, objecte de llic\u00e8ncia o cessi\u00f3 per part d&#8217;aquests\u2013, i estan protegits per les normes espanyoles o internacionals de propietat intel\u00b7lectual i industrial. La compilaci\u00f3 (entenent-se com a tal la recopilaci\u00f3, disseny, ordenaci\u00f3 i muntatge) de tot el contingut del lloc web \u00e9s propietat exclusiva del Pla de Pensions i es troba protegida per la normativa aplicable en mat\u00e8ria de propietat industrial i intel\u00b7lectual.<\/li><li>Tot el programari utilitzat en l&#8217;\u00fas i desenvolupament del lloc web \u00e9s propietat del Pla de Pensions o dels seus prove\u00efdors de programari i es troba protegit per les lleis de propietat industrial i intel\u00b7lectual.<\/li><li>Les marques, r\u00e8tols, signes distintius o logotips que apareixen en el lloc web s\u00f3n titularitat del Pla de Pensions, de l&#8217;entitat Gestora o de l&#8217;entitat Diposit\u00e0ria d&#8217;aquest, i estan degudament registrats o en proc\u00e9s de registre. Les denominacions d&#8217;altres productes, serveis i companyies que apareguin en aquest document o en el lloc web poden ser marques o altres signes distintius registrats dels seus respectius i leg\u00edtims propietaris.<\/li><li>Tots els textos, dibuixos gr\u00e0fics, v\u00eddeos o suports d&#8217;\u00e0udio s\u00f3n propietat del Pla de Pensions, o dels seus prove\u00efdors de continguts, no podent ser objecte d&#8217;ulterior modificaci\u00f3, c\u00f2pia, alteraci\u00f3, reproducci\u00f3, adaptaci\u00f3 o traducci\u00f3 per part de l&#8217;usuari o de tercers sense l&#8217;expressa autoritzaci\u00f3 per part dels titulars d&#8217;aquests continguts.<\/li><li>La posada a la disposici\u00f3 dels usuaris de les bases de dades, imatges, fotografies, patents, models d&#8217;utilitat i industrials, dibuixos, gr\u00e0fics, arxius de text, \u00e0udio, v\u00eddeo i programari propietat del Pla de Pensions o dels seus prove\u00efdors que figuren en el lloc web no implica, en cap cas, la cessi\u00f3 de la seva titularitat o la concessi\u00f3 d&#8217;un dret d&#8217;explotaci\u00f3 en favor de l&#8217;usuari diferent de l&#8217;\u00fas que comporta la utilitzaci\u00f3 leg\u00edtima i d&#8217;acord amb la naturalesa del lloc web.<\/li><li>Queda terminantment prohibit qualsevol \u00fas dels continguts del lloc web que es realitzi sense l&#8217;autoritzaci\u00f3 del Pla de Pensions, inclosa la seva explotaci\u00f3, reproducci\u00f3, difusi\u00f3, transformaci\u00f3, distribuci\u00f3, transmissi\u00f3 per qualsevol mitj\u00e0, posterior publicaci\u00f3, exhibici\u00f3, comunicaci\u00f3 p\u00fablica o representaci\u00f3 total o parcial, les quals, de produir-se, constituiran infraccions dels drets de propietat intel\u00b7lectual del Pla de Pensions, sancionades per la legislaci\u00f3 vigent.<\/li><\/ul>\n\n\n\n<h3 class=\"wp-block-heading\">Legislaci\u00f3 aplicable i jurisdicci\u00f3<\/h3>\n\n\n\n<p>L&#8217;acc\u00e9s i utilitzaci\u00f3 del lloc web es regir\u00e0 i interpretar\u00e0 de conformitat amb la legislaci\u00f3 espanyola.<\/p>\n\n\n\n<p>Qualsevol controv\u00e8rsia que pogu\u00e9s sorgir entre el Pla de Pensions i els usuaris del lloc web ser\u00e0 dirimida, amb ren\u00fancia expressa de les parts al seu propi fur, pels jutjats i tribunals de la ciutat de Barcelona (Espanya).<\/p>\n<\/div>\n<\/div>\n\n<div class=\"wp-block-columns is-layout-flex wp-container-core-columns-is-layout-9d6595d7 wp-block-columns-is-layout-flex\">\n<div class=\"wp-block-column is-layout-flow wp-block-column-is-layout-flow\">\n<h2 class=\"wp-block-heading\">POL\u00cdTICA DE PRIVACITAT I COMUNICACIONS COMERCIALS<\/h2>\n\n\n\n<h3 class=\"wp-block-heading\">Dades de car\u00e0cter personal de l&#8217;usuari del lloc web<\/h3>\n\n\n\n<p>En compliment del que s&#8217;estableix en la normativa de protecci\u00f3 de dades espanyola i, en particular, en l&#8217;article 5 de la Llei org\u00e0nica 15\/1999, de 13 de desembre, de Protecci\u00f3 de Dades de Car\u00e0cter Personal (LOPD), l&#8217;informem que les dades de car\u00e0cter personal que ens proporcioni a trav\u00e9s de l&#8217;enviament de correus electr\u00f2nics, aix\u00ed com les dades als quals accedim a conseq\u00fc\u00e8ncia de la seva navegaci\u00f3 o consulta realitzades a trav\u00e9s del lloc web, seran recollits per la Comissi\u00f3 de Control del Pla de Pensions o la seva Oficina del Part\u00edcip en un fitxer el responsable del qual \u00e9s l&#8217;Entitat Diposit\u00e0ria del Fons de Pensions.<\/p>\n\n\n\n<p>Vost\u00e8 podr\u00e0 exercir els seus drets d&#8217;acc\u00e9s, rectificaci\u00f3, cancel\u00b7laci\u00f3 i oposici\u00f3 al tractament d&#8217;aquestes dades en Passeig de Recoletos 37, 28004 Madrid (Espanya), CIF A-58333261, en els termes establerts en la LOPD.<\/p>\n\n\n\n<p>El no emplenament o emplenament parcial de les dades de car\u00e0cter personal que se li requereixin podria suposar que no es pugui atendre la seva sol\u00b7licitud d&#8217;informaci\u00f3. Aix\u00ed mateix, li preguem que ens comuniqui qualsevol modificaci\u00f3 de les seves dades personals a fi que la informaci\u00f3 continguda en els nostres fitxers estigui en tot moment actualitzada i no contingui errors.<\/p>\n\n\n\n<p>Les finalitats de la recollida de les seves dades s\u00f3n la gesti\u00f3 de les seves comunicacions.<\/p>\n\n\n\n<h3 class=\"wp-block-heading\">Mesures de seguretat<\/h3>\n\n\n\n<p>El Pla de Pensions l&#8217;informa que t\u00e9 implantades les mesures de seguretat d&#8217;\u00edndole t\u00e8cnica i organitzativa necess\u00e0ries que garanteixin la seguretat de les seves dades de car\u00e0cter personal i evitin la seva alteraci\u00f3, p\u00e8rdua, tractament i\/o acc\u00e9s no autoritzat, tenint en compte de l&#8217;estat de la tecnologia, la naturalesa de les dades emmagatzemades i els riscos als quals estan exposats, ja provinguin de l&#8217;acci\u00f3 humana o del medi f\u00edsic o natural. Tot aix\u00f2, de conformitat amb el que es preveu en l&#8217;article 9 de la LOPD i la normativa de desenvolupament.<\/p>\n\n\n\n<h3 class=\"wp-block-heading\">Utilitzaci\u00f3 de cookies<\/h3>\n\n\n\n<p>La p\u00e0gina d&#8217;entrada al lloc web disposa d&#8217;una cookie que permet al nostre sistema recordar l&#8217;idioma triat per l&#8217;usuari en la seva primera sessi\u00f3. D&#8217;aquesta manera, s&#8217;evita la selecci\u00f3 de l&#8217;idioma en les successives visites al lloc web. Aquesta cookie no \u00e9s invasiva ni nociva i l&#8217;\u00fanica funci\u00f3 que realitza \u00e9s la d&#8217;informar el sistema de l&#8217;idioma anteriorment triat per l&#8217;usuari. Si l&#8217;usuari ho desitja, pot denegar tota cookie des de l&#8217;opci\u00f3 de men\u00fa corresponent del seu propi navegador. Per a canviar l&#8217;idioma de la cookie tan sols ha d&#8217;eliminar-la i tornar a triar l&#8217;idioma desitjat en entrar en el lloc web.<\/p>\n<\/div>\n<\/div>\n","protected":false},"excerpt":{"rendered":"<p>DADES D&#8217;INFORMACI\u00d3 GENERAL Pensions Caixa 2, Fons de Pensions, amb domicili en Passeig de Recoletos 37, 28007 Madrid (Espanya), CIF V59044008, inscrit en el Registre Mercantil de Madrid, tom 37079, Foli 119, Inscripci\u00f3 2a, Fulla M-662010. Inscrit en el Registre de la Direcci\u00f3 General d&#8217;Assegurances i Fons de Pensions amb el n\u00famero F-0145 CecaBank, amb [&hellip;]<\/p>\n","protected":false},"author":1,"featured_media":0,"parent":0,"menu_order":0,"comment_status":"closed","ping_status":"closed","template":"","meta":{"_acf_changed":false,"footnotes":""},"class_list":["post-607","page","type-page","status-publish","hentry"],"acf":[],"yoast_head":"<!-- This site is optimized with the Yoast SEO plugin v27.4 - https:\/\/yoast.com\/product\/yoast-seo-wordpress\/ -->\n<title>Av\u00eds Legal - Plan Colectivo Asociado (PC2)<\/title>\n<meta name=\"robots\" content=\"index, follow, max-snippet:-1, max-image-preview:large, max-video-preview:-1\" \/>\n<link rel=\"canonical\" href=\"https:\/\/pc2.fpecaixa.info\/ca\/avis-legal\/\" \/>\n<meta property=\"og:locale\" content=\"ca_ES\" \/>\n<meta property=\"og:type\" content=\"article\" \/>\n<meta property=\"og:title\" content=\"Av\u00eds Legal - Plan Colectivo Asociado (PC2)\" \/>\n<meta property=\"og:description\" content=\"DADES D&#8217;INFORMACI\u00d3 GENERAL Pensions Caixa 2, Fons de Pensions, amb domicili en Passeig de Recoletos 37, 28007 Madrid (Espanya), CIF V59044008, inscrit en el Registre Mercantil de Madrid, tom 37079, Foli 119, Inscripci\u00f3 2a, Fulla M-662010. Inscrit en el Registre de la Direcci\u00f3 General d&#8217;Assegurances i Fons de Pensions amb el n\u00famero F-0145 CecaBank, amb [&hellip;]\" \/>\n<meta property=\"og:url\" content=\"https:\/\/pc2.fpecaixa.info\/ca\/avis-legal\/\" \/>\n<meta property=\"og:site_name\" content=\"Plan Colectivo Asociado (PC2)\" \/>\n<meta property=\"article:modified_time\" content=\"2021-11-12T07:35:56+00:00\" \/>\n<meta name=\"twitter:card\" content=\"summary_large_image\" \/>\n<meta name=\"twitter:label1\" content=\"Temps estimat de lectura\" \/>\n\t<meta name=\"twitter:data1\" content=\"11 minuts\" \/>\n<script type=\"application\/ld+json\" class=\"yoast-schema-graph\">{\"@context\":\"https:\\\/\\\/schema.org\",\"@graph\":[{\"@type\":\"WebPage\",\"@id\":\"https:\\\/\\\/pc2.fpecaixa.info\\\/ca\\\/avis-legal\\\/\",\"url\":\"https:\\\/\\\/pc2.fpecaixa.info\\\/ca\\\/avis-legal\\\/\",\"name\":\"Av\u00eds Legal - Plan Colectivo Asociado (PC2)\",\"isPartOf\":{\"@id\":\"https:\\\/\\\/pc2.fpecaixa.info\\\/#website\"},\"datePublished\":\"2021-10-20T06:46:47+00:00\",\"dateModified\":\"2021-11-12T07:35:56+00:00\",\"breadcrumb\":{\"@id\":\"https:\\\/\\\/pc2.fpecaixa.info\\\/ca\\\/avis-legal\\\/#breadcrumb\"},\"inLanguage\":\"ca\",\"potentialAction\":[{\"@type\":\"ReadAction\",\"target\":[\"https:\\\/\\\/pc2.fpecaixa.info\\\/ca\\\/avis-legal\\\/\"]}]},{\"@type\":\"BreadcrumbList\",\"@id\":\"https:\\\/\\\/pc2.fpecaixa.info\\\/ca\\\/avis-legal\\\/#breadcrumb\",\"itemListElement\":[{\"@type\":\"ListItem\",\"position\":1,\"name\":\"Inici\",\"item\":\"https:\\\/\\\/pc2.fpecaixa.info\\\/\"},{\"@type\":\"ListItem\",\"position\":2,\"name\":\"Av\u00eds Legal\"}]},{\"@type\":\"WebSite\",\"@id\":\"https:\\\/\\\/pc2.fpecaixa.info\\\/#website\",\"url\":\"https:\\\/\\\/pc2.fpecaixa.info\\\/\",\"name\":\"Plan Colectivo Asociado (PC2)\",\"description\":\"Un altre lloc Plan de Pensiones de Empleados de Caixabank Sites \",\"potentialAction\":[{\"@type\":\"SearchAction\",\"target\":{\"@type\":\"EntryPoint\",\"urlTemplate\":\"https:\\\/\\\/pc2.fpecaixa.info\\\/?s={search_term_string}\"},\"query-input\":{\"@type\":\"PropertyValueSpecification\",\"valueRequired\":true,\"valueName\":\"search_term_string\"}}],\"inLanguage\":\"ca\"}]}<\/script>\n<!-- \/ Yoast SEO plugin. -->","yoast_head_json":{"title":"Av\u00eds Legal - Plan Colectivo Asociado (PC2)","robots":{"index":"index","follow":"follow","max-snippet":"max-snippet:-1","max-image-preview":"max-image-preview:large","max-video-preview":"max-video-preview:-1"},"canonical":"https:\/\/pc2.fpecaixa.info\/ca\/avis-legal\/","og_locale":"ca_ES","og_type":"article","og_title":"Av\u00eds Legal - Plan Colectivo Asociado (PC2)","og_description":"DADES D&#8217;INFORMACI\u00d3 GENERAL Pensions Caixa 2, Fons de Pensions, amb domicili en Passeig de Recoletos 37, 28007 Madrid (Espanya), CIF V59044008, inscrit en el Registre Mercantil de Madrid, tom 37079, Foli 119, Inscripci\u00f3 2a, Fulla M-662010. Inscrit en el Registre de la Direcci\u00f3 General d&#8217;Assegurances i Fons de Pensions amb el n\u00famero F-0145 CecaBank, amb [&hellip;]","og_url":"https:\/\/pc2.fpecaixa.info\/ca\/avis-legal\/","og_site_name":"Plan Colectivo Asociado (PC2)","article_modified_time":"2021-11-12T07:35:56+00:00","twitter_card":"summary_large_image","twitter_misc":{"Temps estimat de lectura":"11 minuts"},"schema":{"@context":"https:\/\/schema.org","@graph":[{"@type":"WebPage","@id":"https:\/\/pc2.fpecaixa.info\/ca\/avis-legal\/","url":"https:\/\/pc2.fpecaixa.info\/ca\/avis-legal\/","name":"Av\u00eds Legal - Plan Colectivo Asociado (PC2)","isPartOf":{"@id":"https:\/\/pc2.fpecaixa.info\/#website"},"datePublished":"2021-10-20T06:46:47+00:00","dateModified":"2021-11-12T07:35:56+00:00","breadcrumb":{"@id":"https:\/\/pc2.fpecaixa.info\/ca\/avis-legal\/#breadcrumb"},"inLanguage":"ca","potentialAction":[{"@type":"ReadAction","target":["https:\/\/pc2.fpecaixa.info\/ca\/avis-legal\/"]}]},{"@type":"BreadcrumbList","@id":"https:\/\/pc2.fpecaixa.info\/ca\/avis-legal\/#breadcrumb","itemListElement":[{"@type":"ListItem","position":1,"name":"Inici","item":"https:\/\/pc2.fpecaixa.info\/"},{"@type":"ListItem","position":2,"name":"Av\u00eds Legal"}]},{"@type":"WebSite","@id":"https:\/\/pc2.fpecaixa.info\/#website","url":"https:\/\/pc2.fpecaixa.info\/","name":"Plan Colectivo Asociado (PC2)","description":"Un altre lloc Plan de Pensiones de Empleados de Caixabank Sites ","potentialAction":[{"@type":"SearchAction","target":{"@type":"EntryPoint","urlTemplate":"https:\/\/pc2.fpecaixa.info\/?s={search_term_string}"},"query-input":{"@type":"PropertyValueSpecification","valueRequired":true,"valueName":"search_term_string"}}],"inLanguage":"ca"}]}},"_links":{"self":[{"href":"https:\/\/pc2.fpecaixa.info\/ca\/wp-json\/wp\/v2\/pages\/607","targetHints":{"allow":["GET"]}}],"collection":[{"href":"https:\/\/pc2.fpecaixa.info\/ca\/wp-json\/wp\/v2\/pages"}],"about":[{"href":"https:\/\/pc2.fpecaixa.info\/ca\/wp-json\/wp\/v2\/types\/page"}],"author":[{"embeddable":true,"href":"https:\/\/pc2.fpecaixa.info\/ca\/wp-json\/wp\/v2\/users\/1"}],"replies":[{"embeddable":true,"href":"https:\/\/pc2.fpecaixa.info\/ca\/wp-json\/wp\/v2\/comments?post=607"}],"version-history":[{"count":7,"href":"https:\/\/pc2.fpecaixa.info\/ca\/wp-json\/wp\/v2\/pages\/607\/revisions"}],"predecessor-version":[{"id":1174,"href":"https:\/\/pc2.fpecaixa.info\/ca\/wp-json\/wp\/v2\/pages\/607\/revisions\/1174"}],"wp:attachment":[{"href":"https:\/\/pc2.fpecaixa.info\/ca\/wp-json\/wp\/v2\/media?parent=607"}],"curies":[{"name":"wp","href":"https:\/\/api.w.org\/{rel}","templated":true}]}}